{"id":5182,"date":"2025-10-15T16:05:57","date_gmt":"2025-10-15T16:05:57","guid":{"rendered":"https:\/\/lightslategray-yak-893060.hostingersite.com\/?page_id=5182"},"modified":"2025-10-23T16:31:07","modified_gmt":"2025-10-23T16:31:07","slug":"notre-savoir-faire","status":"publish","type":"page","link":"https:\/\/galerietraditions.com\/fr\/notre-savoir-faire\/","title":{"rendered":"Notre Savoir-Faire"},"content":{"rendered":"<div data-elementor-type=\"wp-page\" data-elementor-id=\"5182\" class=\"elementor elementor-5182\">\n\t\t\t\t\t\t<section data-animation-type=\"block\" class=\"elementor-section elementor-top-section elementor-element elementor-element-4e9b591 elementor-section-full_width elementor-section-stretched elementor-section-height-default elementor-section-height-default animation_type_block sc_fly_static elementor-invisible\" data-id=\"4e9b591\" data-element_type=\"section\" data-settings=\"{&quot;stretch_section&quot;:&quot;section-stretched&quot;,&quot;animation&quot;:&quot;fadeIn&quot;}\">\n\t\t\t\t\t\t<div class=\"elementor-container elementor-column-gap-extended\">\n\t\t\t\t\t<div class=\"elementor-column elementor-col-50 elementor-top-column elementor-element elementor-element-31382be sc_content_align_inherit sc_layouts_column_icons_position_left sc_fly_static\" data-id=\"31382be\" data-element_type=\"column\" data-settings=\"{&quot;background_background&quot;:&quot;classic&quot;}\">\n\t\t\t<div class=\"elementor-widget-wrap\">\n\t\t\t\t\t\t\t<\/div>\n\t\t<\/div>\n\t\t\t\t<div class=\"elementor-column elementor-col-50 elementor-top-column elementor-element elementor-element-05a50a9 sc_content_align_inherit sc_layouts_column_icons_position_left sc_fly_static\" data-id=\"05a50a9\" data-element_type=\"column\">\n\t\t\t<div class=\"elementor-widget-wrap elementor-element-populated\">\n\t\t\t\t\t\t<div class=\"elementor-element elementor-element-34650f9 sc_fly_static elementor-widget elementor-widget-heading\" data-id=\"34650f9\" data-element_type=\"widget\" data-widget_type=\"heading.default\">\n\t\t\t\t<div class=\"elementor-widget-container\">\n\t\t\t\t\t<h4 class=\"elementor-heading-title elementor-size-default\">L\u2019art de perp\u00e9tuer les traditions<\/h4>\t\t\t\t<\/div>\n\t\t\t\t<\/div>\n\t\t\t\t<div data-animation-type=\"block\" class=\"elementor-element elementor-element-f355650 animated-slow animation_type_block sc_fly_static elementor-invisible elementor-widget elementor-widget-text-editor\" data-id=\"f355650\" data-element_type=\"widget\" data-settings=\"{&quot;_animation&quot;:&quot;fadeIn&quot;}\" data-widget_type=\"text-editor.default\">\n\t\t\t\t<div class=\"elementor-widget-container\">\n\t\t\t\t\t\t\t\t\t<p><span class=\"TextRun SCXW41031479 BCX0\" lang=\"FR-FR\" xml:lang=\"FR-FR\" data-contrast=\"auto\"><span class=\"NormalTextRun SCXW41031479 BCX0\">Chez TRADITIONS, le savoir-faire est une promesse : celle de pr\u00e9server l\u2019authenticit\u00e9 des gestes et de magnifier la beaut\u00e9 de la main humaine.<\/span><\/span><\/p><p><span class=\"LineBreakBlob BlobObject DragDrop SCXW253183425 BCX0\"><br class=\"SCXW253183425 BCX0\" \/><\/span><span class=\"TextRun SCXW120504318 BCX0\" lang=\"FR-FR\" xml:lang=\"FR-FR\" data-contrast=\"auto\"><span class=\"NormalTextRun SCXW120504318 BCX0\">Chaque pi\u00e8ce que nous proposons est le fruit d\u2019un travail minutieux, n\u00e9 d\u2019une culture, d\u2019un h\u00e9ritage et d\u2019une passion.<\/span><\/span><\/p><p><span class=\"TextRun SCXW193282488 BCX0\" lang=\"FR-FR\" xml:lang=\"FR-FR\" data-contrast=\"auto\"><span class=\"NormalTextRun SCXW193282488 BCX0\">Nous croyons qu\u2019en valorisant ces savoirs anciens, nous faisons vivre les traditions, tout en les adaptant \u00e0 un monde moderne et exigeant.<\/span><\/span><\/p>\t\t\t\t\t\t\t\t<\/div>\n\t\t\t\t<\/div>\n\t\t\t\t\t<\/div>\n\t\t<\/div>\n\t\t\t\t\t<\/div>\n\t\t<\/section>\n\t\t\t\t<section data-animation-type=\"block\" class=\"elementor-section elementor-top-section elementor-element elementor-element-94b9136 elementor-section-full_width elementor-section-stretched elementor-section-height-default elementor-section-height-default animation_type_block sc_fly_static elementor-invisible\" data-id=\"94b9136\" data-element_type=\"section\" data-settings=\"{&quot;stretch_section&quot;:&quot;section-stretched&quot;,&quot;background_background&quot;:&quot;classic&quot;,&quot;animation&quot;:&quot;fadeIn&quot;}\">\n\t\t\t\t\t\t<div class=\"elementor-container elementor-column-gap-extended\">\n\t\t\t\t\t<div class=\"elementor-column elementor-col-50 elementor-top-column elementor-element elementor-element-94363ea sc_content_align_inherit sc_layouts_column_icons_position_left sc_fly_static\" data-id=\"94363ea\" data-element_type=\"column\">\n\t\t\t<div class=\"elementor-widget-wrap elementor-element-populated\">\n\t\t\t\t\t\t<div class=\"elementor-element elementor-element-ab8527a sc_fly_static elementor-widget elementor-widget-heading\" data-id=\"ab8527a\" data-element_type=\"widget\" data-widget_type=\"heading.default\">\n\t\t\t\t<div class=\"elementor-widget-container\">\n\t\t\t\t\t<h4 class=\"elementor-heading-title elementor-size-default\">L\u2019excellence artisanale africaine <\/h4>\t\t\t\t<\/div>\n\t\t\t\t<\/div>\n\t\t\t\t<div data-animation-type=\"block\" class=\"elementor-element elementor-element-c5f2f90 animated-slow animation_type_block sc_fly_static elementor-invisible elementor-widget elementor-widget-text-editor\" data-id=\"c5f2f90\" data-element_type=\"widget\" data-settings=\"{&quot;_animation&quot;:&quot;fadeIn&quot;}\" data-widget_type=\"text-editor.default\">\n\t\t\t\t<div class=\"elementor-widget-container\">\n\t\t\t\t\t\t\t\t\t<p><span class=\"TextRun SCXW132889418 BCX0\" lang=\"FR-FR\" xml:lang=\"FR-FR\" data-contrast=\"auto\"><span class=\"NormalTextRun SCXW132889418 BCX0\">Nos artisans sont les gardiens d\u2019un patrimoine immat\u00e9riel riche et vivant.<\/span><\/span><span class=\"LineBreakBlob BlobObject DragDrop SCXW132889418 BCX0\"><span class=\"SCXW132889418 BCX0\">\u00a0<\/span><br class=\"SCXW132889418 BCX0\" \/><\/span><span class=\"TextRun SCXW132889418 BCX0\" lang=\"FR-FR\" xml:lang=\"FR-FR\" data-contrast=\"auto\"><span class=\"NormalTextRun SCXW132889418 BCX0\">Qu\u2019il s\u2019agisse du tissage, de la sculpture, de la poterie, du cuir ou du textile, chaque technique raconte un territoire et une identit\u00e9.<\/span><\/span><\/p><p><span class=\"LineBreakBlob BlobObject DragDrop SCXW76874572 BCX0\"><span class=\"SCXW76874572 BCX0\">\u00a0<\/span><br class=\"SCXW76874572 BCX0\" \/><\/span><span class=\"TextRun SCXW83712667 BCX0\" lang=\"FR-FR\" xml:lang=\"FR-FR\" data-contrast=\"auto\"><span class=\"NormalTextRun SCXW83712667 BCX0\">Nous s\u00e9lectionnons des cr\u00e9ateurs qui ma\u00eetrisent \u00e0 la perfection ces arts ancestraux et qui y apportent une touche personnelle, entre tradition et innovation.<\/span><\/span><\/p>\t\t\t\t\t\t\t\t<\/div>\n\t\t\t\t<\/div>\n\t\t\t\t\t<\/div>\n\t\t<\/div>\n\t\t\t\t<div class=\"elementor-column elementor-col-50 elementor-top-column elementor-element elementor-element-ed3b53d sc_content_align_inherit sc_layouts_column_icons_position_left sc_fly_static\" data-id=\"ed3b53d\" data-element_type=\"column\" data-settings=\"{&quot;background_background&quot;:&quot;classic&quot;}\">\n\t\t\t<div class=\"elementor-widget-wrap\">\n\t\t\t\t\t\t\t<\/div>\n\t\t<\/div>\n\t\t\t\t\t<\/div>\n\t\t<\/section>\n\t\t\t\t<section class=\"elementor-section elementor-top-section elementor-element elementor-element-261b3a4 elementor-section-full_width elementor-section-stretched sc_layouts_hide_on_wide sc_layouts_hide_on_desktop sc_layouts_hide_on_notebook sc_layouts_hide_on_tablet sc_layouts_hide_on_mobile elementor-section-height-default elementor-section-height-default sc_fly_static\" data-id=\"261b3a4\" data-element_type=\"section\" data-settings=\"{&quot;stretch_section&quot;:&quot;section-stretched&quot;,&quot;background_background&quot;:&quot;classic&quot;}\">\n\t\t\t\t\t\t<div class=\"elementor-container elementor-column-gap-extended\">\n\t\t\t\t\t<div class=\"elementor-column elementor-col-100 elementor-top-column elementor-element elementor-element-6472ae5 sc_content_align_inherit sc_layouts_column_icons_position_left sc_fly_static\" data-id=\"6472ae5\" data-element_type=\"column\">\n\t\t\t<div class=\"elementor-widget-wrap elementor-element-populated\">\n\t\t\t\t\t\t<div class=\"elementor-element elementor-element-c4746ca sc_fly_static elementor-widget elementor-widget-heading\" data-id=\"c4746ca\" data-element_type=\"widget\" data-widget_type=\"heading.default\">\n\t\t\t\t<div class=\"elementor-widget-container\">\n\t\t\t\t\t<h4 class=\"elementor-heading-title elementor-size-default\">Notre Valeurs<\/h4>\t\t\t\t<\/div>\n\t\t\t\t<\/div>\n\t\t\t\t<section class=\"elementor-section elementor-inner-section elementor-element elementor-element-a0e0fa0 elementor-section-boxed elementor-section-height-default elementor-section-height-default sc_fly_static\" data-id=\"a0e0fa0\" data-element_type=\"section\">\n\t\t\t\t\t\t<div class=\"elementor-container elementor-column-gap-extended\">\n\t\t\t\t\t<div class=\"elementor-column elementor-col-25 elementor-inner-column elementor-element elementor-element-005b54c sc_content_align_inherit sc_layouts_column_icons_position_left sc_fly_static\" data-id=\"005b54c\" data-element_type=\"column\" data-settings=\"{&quot;background_background&quot;:&quot;classic&quot;}\">\n\t\t\t<div class=\"elementor-widget-wrap elementor-element-populated\">\n\t\t\t\t\t\t<div class=\"elementor-element elementor-element-70b629a elementor-position-top sc_fly_static elementor-widget elementor-widget-image-box\" data-id=\"70b629a\" data-element_type=\"widget\" data-widget_type=\"image-box.default\">\n\t\t\t\t<div class=\"elementor-widget-container\">\n\t\t\t\t\t<div class=\"elementor-image-box-wrapper\"><figure class=\"elementor-image-box-img\"><img fetchpriority=\"high\" decoding=\"async\" width=\"512\" height=\"512\" src=\"https:\/\/galerietraditions.com\/wp-content\/uploads\/2025\/10\/authenticite.png\" class=\"attachment-full size-full wp-image-5027\" alt=\"\" srcset=\"https:\/\/galerietraditions.com\/wp-content\/uploads\/2025\/10\/authenticite.png 512w, https:\/\/galerietraditions.com\/wp-content\/uploads\/2025\/10\/authenticite-300x300.png 300w, https:\/\/galerietraditions.com\/wp-content\/uploads\/2025\/10\/authenticite-150x150.png 150w, https:\/\/galerietraditions.com\/wp-content\/uploads\/2025\/10\/authenticite-370x370.png 370w, https:\/\/galerietraditions.com\/wp-content\/uploads\/2025\/10\/authenticite-90x90.png 90w, https:\/\/galerietraditions.com\/wp-content\/uploads\/2025\/10\/authenticite-425x425.png 425w, https:\/\/galerietraditions.com\/wp-content\/uploads\/2025\/10\/authenticite-350x350.png 350w, https:\/\/galerietraditions.com\/wp-content\/uploads\/2025\/10\/authenticite-500x500.png 500w\" sizes=\"(max-width: 767px) 100vw, 512px\" \/><\/figure><div class=\"elementor-image-box-content\"><h3 class=\"elementor-image-box-title\">Authenticit\u00e9<\/h3><p class=\"elementor-image-box-description\">des cr\u00e9ations fid\u00e8les aux traditions et aux histoires qu\u2019elles portent. <\/p><\/div><\/div>\t\t\t\t<\/div>\n\t\t\t\t<\/div>\n\t\t\t\t\t<\/div>\n\t\t<\/div>\n\t\t\t\t<div class=\"elementor-column elementor-col-25 elementor-inner-column elementor-element elementor-element-93cc27c sc_content_align_inherit sc_layouts_column_icons_position_left sc_fly_static\" data-id=\"93cc27c\" data-element_type=\"column\" data-settings=\"{&quot;background_background&quot;:&quot;classic&quot;}\">\n\t\t\t<div class=\"elementor-widget-wrap elementor-element-populated\">\n\t\t\t\t\t\t<div class=\"elementor-element elementor-element-6a13711 elementor-position-top sc_fly_static elementor-widget elementor-widget-image-box\" data-id=\"6a13711\" data-element_type=\"widget\" data-widget_type=\"image-box.default\">\n\t\t\t\t<div class=\"elementor-widget-container\">\n\t\t\t\t\t<div class=\"elementor-image-box-wrapper\"><figure class=\"elementor-image-box-img\"><img decoding=\"async\" width=\"512\" height=\"512\" src=\"https:\/\/galerietraditions.com\/wp-content\/uploads\/2025\/10\/savoir-faire.png\" class=\"attachment-full size-full wp-image-5037\" alt=\"\" srcset=\"https:\/\/galerietraditions.com\/wp-content\/uploads\/2025\/10\/savoir-faire.png 512w, https:\/\/galerietraditions.com\/wp-content\/uploads\/2025\/10\/savoir-faire-300x300.png 300w, https:\/\/galerietraditions.com\/wp-content\/uploads\/2025\/10\/savoir-faire-150x150.png 150w, https:\/\/galerietraditions.com\/wp-content\/uploads\/2025\/10\/savoir-faire-370x370.png 370w, https:\/\/galerietraditions.com\/wp-content\/uploads\/2025\/10\/savoir-faire-90x90.png 90w, https:\/\/galerietraditions.com\/wp-content\/uploads\/2025\/10\/savoir-faire-425x425.png 425w, https:\/\/galerietraditions.com\/wp-content\/uploads\/2025\/10\/savoir-faire-350x350.png 350w, https:\/\/galerietraditions.com\/wp-content\/uploads\/2025\/10\/savoir-faire-500x500.png 500w\" sizes=\"(max-width: 767px) 100vw, 512px\" \/><\/figure><div class=\"elementor-image-box-content\"><h3 class=\"elementor-image-box-title\">Savoir-faire<\/h3><p class=\"elementor-image-box-description\">un travail artisanal minutieux qui pr\u00e9serve des techniques uniques. <\/p><\/div><\/div>\t\t\t\t<\/div>\n\t\t\t\t<\/div>\n\t\t\t\t\t<\/div>\n\t\t<\/div>\n\t\t\t\t<div class=\"elementor-column elementor-col-25 elementor-inner-column elementor-element elementor-element-34e9539 sc_content_align_inherit sc_layouts_column_icons_position_left sc_fly_static\" data-id=\"34e9539\" data-element_type=\"column\" data-settings=\"{&quot;background_background&quot;:&quot;classic&quot;}\">\n\t\t\t<div class=\"elementor-widget-wrap elementor-element-populated\">\n\t\t\t\t\t\t<div class=\"elementor-element elementor-element-c74b52a elementor-position-top sc_fly_static elementor-widget elementor-widget-image-box\" data-id=\"c74b52a\" data-element_type=\"widget\" data-widget_type=\"image-box.default\">\n\t\t\t\t<div class=\"elementor-widget-container\">\n\t\t\t\t\t<div class=\"elementor-image-box-wrapper\"><figure class=\"elementor-image-box-img\"><img decoding=\"async\" width=\"512\" height=\"512\" src=\"https:\/\/galerietraditions.com\/wp-content\/uploads\/2025\/10\/culture.png\" class=\"attachment-full size-full wp-image-5035\" alt=\"\" srcset=\"https:\/\/galerietraditions.com\/wp-content\/uploads\/2025\/10\/culture.png 512w, https:\/\/galerietraditions.com\/wp-content\/uploads\/2025\/10\/culture-300x300.png 300w, https:\/\/galerietraditions.com\/wp-content\/uploads\/2025\/10\/culture-150x150.png 150w, https:\/\/galerietraditions.com\/wp-content\/uploads\/2025\/10\/culture-370x370.png 370w, https:\/\/galerietraditions.com\/wp-content\/uploads\/2025\/10\/culture-90x90.png 90w, https:\/\/galerietraditions.com\/wp-content\/uploads\/2025\/10\/culture-425x425.png 425w, https:\/\/galerietraditions.com\/wp-content\/uploads\/2025\/10\/culture-350x350.png 350w, https:\/\/galerietraditions.com\/wp-content\/uploads\/2025\/10\/culture-500x500.png 500w\" sizes=\"(max-width: 767px) 100vw, 512px\" \/><\/figure><div class=\"elementor-image-box-content\"><h3 class=\"elementor-image-box-title\">Culture <\/h3><p class=\"elementor-image-box-description\">chaque objet est un fragment de l\u2019h\u00e9ritage africain.<\/p><\/div><\/div>\t\t\t\t<\/div>\n\t\t\t\t<\/div>\n\t\t\t\t\t<\/div>\n\t\t<\/div>\n\t\t\t\t<div class=\"elementor-column elementor-col-25 elementor-inner-column elementor-element elementor-element-7a501d1 sc_content_align_inherit sc_layouts_column_icons_position_left sc_fly_static\" data-id=\"7a501d1\" data-element_type=\"column\" data-settings=\"{&quot;background_background&quot;:&quot;classic&quot;}\">\n\t\t\t<div class=\"elementor-widget-wrap elementor-element-populated\">\n\t\t\t\t\t\t<div class=\"elementor-element elementor-element-2d27504 elementor-position-top sc_fly_static elementor-widget elementor-widget-image-box\" data-id=\"2d27504\" data-element_type=\"widget\" data-widget_type=\"image-box.default\">\n\t\t\t\t<div class=\"elementor-widget-container\">\n\t\t\t\t\t<div class=\"elementor-image-box-wrapper\"><figure class=\"elementor-image-box-img\"><img loading=\"lazy\" decoding=\"async\" width=\"512\" height=\"512\" src=\"https:\/\/galerietraditions.com\/wp-content\/uploads\/2025\/10\/respect.png\" class=\"attachment-full size-full wp-image-5036\" alt=\"\" srcset=\"https:\/\/galerietraditions.com\/wp-content\/uploads\/2025\/10\/respect.png 512w, https:\/\/galerietraditions.com\/wp-content\/uploads\/2025\/10\/respect-300x300.png 300w, https:\/\/galerietraditions.com\/wp-content\/uploads\/2025\/10\/respect-150x150.png 150w, https:\/\/galerietraditions.com\/wp-content\/uploads\/2025\/10\/respect-370x370.png 370w, https:\/\/galerietraditions.com\/wp-content\/uploads\/2025\/10\/respect-90x90.png 90w, https:\/\/galerietraditions.com\/wp-content\/uploads\/2025\/10\/respect-425x425.png 425w, https:\/\/galerietraditions.com\/wp-content\/uploads\/2025\/10\/respect-350x350.png 350w, https:\/\/galerietraditions.com\/wp-content\/uploads\/2025\/10\/respect-500x500.png 500w\" sizes=\"(max-width: 767px) 100vw, 512px\" \/><\/figure><div class=\"elementor-image-box-content\"><h3 class=\"elementor-image-box-title\">Respect<\/h3><p class=\"elementor-image-box-description\">des partenariats \u00e9thiques qui soutiennent les artisans et leur communaut\u00e9.<\/p><\/div><\/div>\t\t\t\t<\/div>\n\t\t\t\t<\/div>\n\t\t\t\t\t<\/div>\n\t\t<\/div>\n\t\t\t\t\t<\/div>\n\t\t<\/section>\n\t\t\t\t<section class=\"elementor-section elementor-inner-section elementor-element elementor-element-dc17204 elementor-section-boxed elementor-section-height-default elementor-section-height-default sc_fly_static\" data-id=\"dc17204\" data-element_type=\"section\">\n\t\t\t\t\t\t<div class=\"elementor-container elementor-column-gap-extended\">\n\t\t\t\t\t<div class=\"elementor-column elementor-col-50 elementor-inner-column elementor-element elementor-element-4f69f1f sc_content_align_inherit sc_layouts_column_icons_position_left sc_fly_static\" data-id=\"4f69f1f\" data-element_type=\"column\">\n\t\t\t<div class=\"elementor-widget-wrap\">\n\t\t\t\t\t\t\t<\/div>\n\t\t<\/div>\n\t\t\t\t<div class=\"elementor-column elementor-col-50 elementor-inner-column elementor-element elementor-element-cc1a228 sc_content_align_inherit sc_layouts_column_icons_position_left sc_fly_static\" data-id=\"cc1a228\" data-element_type=\"column\">\n\t\t\t<div class=\"elementor-widget-wrap\">\n\t\t\t\t\t\t\t<\/div>\n\t\t<\/div>\n\t\t\t\t\t<\/div>\n\t\t<\/section>\n\t\t\t\t\t<\/div>\n\t\t<\/div>\n\t\t\t\t\t<\/div>\n\t\t<\/section>\n\t\t\t\t<section data-animation-type=\"block\" class=\"elementor-section elementor-top-section elementor-element elementor-element-63e5870 elementor-section-full_width elementor-section-stretched elementor-section-height-default elementor-section-height-default animation_type_block sc_fly_static elementor-invisible\" data-id=\"63e5870\" data-element_type=\"section\" data-settings=\"{&quot;stretch_section&quot;:&quot;section-stretched&quot;,&quot;animation&quot;:&quot;fadeIn&quot;}\">\n\t\t\t\t\t\t<div class=\"elementor-container elementor-column-gap-extended\">\n\t\t\t\t\t<div class=\"elementor-column elementor-col-50 elementor-top-column elementor-element elementor-element-78452e2 sc_content_align_inherit sc_layouts_column_icons_position_left sc_fly_static\" data-id=\"78452e2\" data-element_type=\"column\" data-settings=\"{&quot;background_background&quot;:&quot;classic&quot;}\">\n\t\t\t<div class=\"elementor-widget-wrap\">\n\t\t\t\t\t\t\t<\/div>\n\t\t<\/div>\n\t\t\t\t<div class=\"elementor-column elementor-col-50 elementor-top-column elementor-element elementor-element-f62b6fd sc_content_align_inherit sc_layouts_column_icons_position_left sc_fly_static\" data-id=\"f62b6fd\" data-element_type=\"column\">\n\t\t\t<div class=\"elementor-widget-wrap elementor-element-populated\">\n\t\t\t\t\t\t<div class=\"elementor-element elementor-element-8f974c0 sc_fly_static elementor-widget elementor-widget-heading\" data-id=\"8f974c0\" data-element_type=\"widget\" data-widget_type=\"heading.default\">\n\t\t\t\t<div class=\"elementor-widget-container\">\n\t\t\t\t\t<h4 class=\"elementor-heading-title elementor-size-default\">La qualit\u00e9 au c\u0153ur du geste<\/h4>\t\t\t\t<\/div>\n\t\t\t\t<\/div>\n\t\t\t\t<div data-animation-type=\"block\" class=\"elementor-element elementor-element-73b24ec animated-slow animation_type_block sc_fly_static elementor-invisible elementor-widget elementor-widget-text-editor\" data-id=\"73b24ec\" data-element_type=\"widget\" data-settings=\"{&quot;_animation&quot;:&quot;fadeIn&quot;}\" data-widget_type=\"text-editor.default\">\n\t\t\t\t<div class=\"elementor-widget-container\">\n\t\t\t\t\t\t\t\t\t<p><span class=\"TextRun SCXW59874486 BCX0\" lang=\"FR-FR\" xml:lang=\"FR-FR\" data-contrast=\"auto\"><span class=\"NormalTextRun SCXW59874486 BCX0\">Chaque objet est le r\u00e9sultat d\u2019un processus rigoureux o\u00f9 chaque d\u00e9tail compte.<\/span><\/span><span class=\"LineBreakBlob BlobObject DragDrop SCXW59874486 BCX0\"><span class=\"SCXW59874486 BCX0\">\u00a0<\/span><br class=\"SCXW59874486 BCX0\" \/><\/span><span class=\"TextRun SCXW59874486 BCX0\" lang=\"FR-FR\" xml:lang=\"FR-FR\" data-contrast=\"auto\"><span class=\"NormalTextRun SCXW59874486 BCX0\">Nos artisans ma\u00eetrisent les techniques, mais aussi les finitions : solidit\u00e9, harmonie des formes, \u00e9quilibre des couleurs.<\/span><\/span><\/p><p><span class=\"LineBreakBlob BlobObject DragDrop SCXW178762250 BCX0\"><br class=\"SCXW178762250 BCX0\" \/><\/span><span class=\"TextRun SCXW217869266 BCX0\" lang=\"FR-FR\" xml:lang=\"FR-FR\" data-contrast=\"auto\"><span class=\"NormalTextRun SCXW217869266 BCX0\">Avant toute mise en vente, chaque pi\u00e8ce est contr\u00f4l\u00e9e selon des crit\u00e8res pr\u00e9cis de qualit\u00e9, de durabilit\u00e9 et d\u2019esth\u00e9tique.<\/span><\/span><span class=\"EOP SCXW217869266 BCX0\" data-ccp-props=\"{&quot;134233117&quot;:false,&quot;134233118&quot;:false,&quot;201341983&quot;:0,&quot;335551550&quot;:6,&quot;335551620&quot;:6,&quot;335559737&quot;:0,&quot;335559738&quot;:0,&quot;335559739&quot;:160,&quot;335559740&quot;:240}\">\u00a0<\/span><\/p>\t\t\t\t\t\t\t\t<\/div>\n\t\t\t\t<\/div>\n\t\t\t\t\t<\/div>\n\t\t<\/div>\n\t\t\t\t\t<\/div>\n\t\t<\/section>\n\t\t\t\t<section data-animation-type=\"block\" class=\"elementor-section elementor-top-section elementor-element elementor-element-b272c04 elementor-section-full_width elementor-section-stretched elementor-section-height-default elementor-section-height-default animation_type_block sc_fly_static elementor-invisible\" data-id=\"b272c04\" data-element_type=\"section\" data-settings=\"{&quot;stretch_section&quot;:&quot;section-stretched&quot;,&quot;background_background&quot;:&quot;classic&quot;,&quot;animation&quot;:&quot;fadeIn&quot;}\">\n\t\t\t\t\t\t<div class=\"elementor-container elementor-column-gap-extended\">\n\t\t\t\t\t<div class=\"elementor-column elementor-col-50 elementor-top-column elementor-element elementor-element-773a1a6 sc_content_align_inherit sc_layouts_column_icons_position_left sc_fly_static\" data-id=\"773a1a6\" data-element_type=\"column\">\n\t\t\t<div class=\"elementor-widget-wrap elementor-element-populated\">\n\t\t\t\t\t\t<div class=\"elementor-element elementor-element-ff60327 sc_fly_static elementor-widget elementor-widget-heading\" data-id=\"ff60327\" data-element_type=\"widget\" data-widget_type=\"heading.default\">\n\t\t\t\t<div class=\"elementor-widget-container\">\n\t\t\t\t\t<h4 class=\"elementor-heading-title elementor-size-default\">Une d\u00e9marche responsable et durable<\/h4>\t\t\t\t<\/div>\n\t\t\t\t<\/div>\n\t\t\t\t<div data-animation-type=\"block\" class=\"elementor-element elementor-element-181f232 animated-slow animation_type_block sc_fly_static elementor-invisible elementor-widget elementor-widget-text-editor\" data-id=\"181f232\" data-element_type=\"widget\" data-settings=\"{&quot;_animation&quot;:&quot;fadeIn&quot;}\" data-widget_type=\"text-editor.default\">\n\t\t\t\t<div class=\"elementor-widget-container\">\n\t\t\t\t\t\t\t\t\t<p><span class=\"TextRun SCXW186718527 BCX0\" lang=\"FR-FR\" xml:lang=\"FR-FR\" data-contrast=\"auto\"><span class=\"NormalTextRun SCXW186718527 BCX0\">Notre savoir-faire ne se limite pas \u00e0 la cr\u00e9ation : il s\u2019inscrit dans une d\u00e9marche respectueuse de l\u2019humain et de la nature.<\/span><\/span><\/p><p><span class=\"TextRun SCXW231896941 BCX0\" lang=\"FR-FR\" xml:lang=\"FR-FR\" data-contrast=\"auto\"><span class=\"NormalTextRun SCXW231896941 BCX0\">Nous encourageons l\u2019utilisation de mat\u00e9riaux naturels et recycl\u00e9s, la r\u00e9duction des d\u00e9chets et le maintien d\u2019un commerce \u00e9thique et \u00e9quitable.<\/span><\/span><\/p><p><span class=\"TextRun SCXW235968158 BCX0\" lang=\"FR-FR\" xml:lang=\"FR-FR\" data-contrast=\"auto\"><span class=\"NormalTextRun SCXW235968158 BCX0\">Parce que pr\u00e9server les traditions, c\u2019est aussi prot\u00e9ger la plan\u00e8te qui les fait vivre.<\/span><\/span><\/p>\t\t\t\t\t\t\t\t<\/div>\n\t\t\t\t<\/div>\n\t\t\t\t\t<\/div>\n\t\t<\/div>\n\t\t\t\t<div class=\"elementor-column elementor-col-50 elementor-top-column elementor-element elementor-element-437d736 sc_content_align_inherit sc_layouts_column_icons_position_left sc_fly_static\" data-id=\"437d736\" data-element_type=\"column\" data-settings=\"{&quot;background_background&quot;:&quot;classic&quot;}\">\n\t\t\t<div class=\"elementor-widget-wrap\">\n\t\t\t\t\t\t\t<\/div>\n\t\t<\/div>\n\t\t\t\t\t<\/div>\n\t\t<\/section>\n\t\t\t\t<\/div>","protected":false},"excerpt":{"rendered":"<p>L\u2019art de perp\u00e9tuer les traditions Chez TRADITIONS, le savoir-faire est une promesse : celle de pr\u00e9server l\u2019authenticit\u00e9 des gestes et de magnifier la beaut\u00e9 de la main humaine. Chaque pi\u00e8ce que nous proposons est le fruit d\u2019un travail minutieux, n\u00e9&hellip;<\/p>","protected":false},"author":1,"featured_media":0,"parent":0,"menu_order":0,"comment_status":"closed","ping_status":"closed","template":"","meta":{"footnotes":""},"class_list":["post-5182","page","type-page","status-publish","hentry"],"_hostinger_reach_plugin_has_subscription_block":false,"_hostinger_reach_plugin_is_elementor":false,"_links":{"self":[{"href":"https:\/\/galerietraditions.com\/fr\/wp-json\/wp\/v2\/pages\/5182","targetHints":{"allow":["GET"]}}],"collection":[{"href":"https:\/\/galerietraditions.com\/fr\/wp-json\/wp\/v2\/pages"}],"about":[{"href":"https:\/\/galerietraditions.com\/fr\/wp-json\/wp\/v2\/types\/page"}],"author":[{"embeddable":true,"href":"https:\/\/galerietraditions.com\/fr\/wp-json\/wp\/v2\/users\/1"}],"replies":[{"embeddable":true,"href":"https:\/\/galerietraditions.com\/fr\/wp-json\/wp\/v2\/comments?post=5182"}],"version-history":[{"count":28,"href":"https:\/\/galerietraditions.com\/fr\/wp-json\/wp\/v2\/pages\/5182\/revisions"}],"predecessor-version":[{"id":5316,"href":"https:\/\/galerietraditions.com\/fr\/wp-json\/wp\/v2\/pages\/5182\/revisions\/5316"}],"wp:attachment":[{"href":"https:\/\/galerietraditions.com\/fr\/wp-json\/wp\/v2\/media?parent=5182"}],"curies":[{"name":"wp","href":"https:\/\/api.w.org\/{rel}","templated":true}]}}