{"id":5223,"date":"2025-10-16T15:53:29","date_gmt":"2025-10-16T15:53:29","guid":{"rendered":"https:\/\/lightslategray-yak-893060.hostingersite.com\/?page_id=5223"},"modified":"2025-10-16T17:30:50","modified_gmt":"2025-10-16T17:30:50","slug":"blog","status":"publish","type":"page","link":"https:\/\/galerietraditions.com\/fr\/blog\/","title":{"rendered":"Blog"},"content":{"rendered":"<div data-elementor-type=\"wp-page\" data-elementor-id=\"5223\" class=\"elementor elementor-5223\">\n\t\t\t\t\t\t<section class=\"elementor-section elementor-top-section elementor-element elementor-element-5d459d4 elementor-section-boxed elementor-section-height-default elementor-section-height-default sc_fly_static\" data-id=\"5d459d4\" data-element_type=\"section\">\n\t\t\t\t\t\t<div class=\"elementor-container elementor-column-gap-extended\">\n\t\t\t\t\t<div class=\"elementor-column elementor-col-100 elementor-top-column elementor-element elementor-element-111d174 sc_content_align_inherit sc_layouts_column_icons_position_left sc_fly_static\" data-id=\"111d174\" data-element_type=\"column\">\n\t\t\t<div class=\"elementor-widget-wrap elementor-element-populated\">\n\t\t\t\t\t\t<div class=\"elementor-element elementor-element-62cfe52 sc_fly_static elementor-widget elementor-widget-spacer\" data-id=\"62cfe52\" data-element_type=\"widget\" data-widget_type=\"spacer.default\">\n\t\t\t\t<div class=\"elementor-widget-container\">\n\t\t\t\t\t\t\t<div class=\"elementor-spacer\">\n\t\t\t<div class=\"elementor-spacer-inner\"><\/div>\n\t\t<\/div>\n\t\t\t\t\t\t<\/div>\n\t\t\t\t<\/div>\n\t\t\t\t<div class=\"elementor-element elementor-element-921ebf2 sc_fly_static elementor-widget elementor-widget-trx_sc_blogger\" data-id=\"921ebf2\" data-element_type=\"widget\" data-widget_type=\"trx_sc_blogger.default\">\n\t\t\t\t<div class=\"elementor-widget-container\">\n\t\t\t\t\t<div \t\tclass=\"sc_blogger sc_blogger_default sc_blogger_default_classic sc_item_filters_tabs_none alignnone\"><div class=\"sc_blogger_columns_wrap sc_item_columns sc_item_posts_container trx_addons_columns_wrap columns_padding_bottom columns_in_single_row\"><div class=\"trx_addons_column-1_3\"><div data-post-id=\"253\" class=\"sc_blogger_item sc_item_container post_container sc_blogger_item_default sc_blogger_item_default_classic sc_blogger_item_odd sc_blogger_item_align_left post_format_gallery sc_blogger_item_with_image sc_blogger_item_image_position_top post-253 post type-post status-publish format-gallery has-post-thumbnail hentry category-decor-objects tag-ceramics tag-pottery tag-workshop post_format-post-format-gallery\" data-item-number=\"1\"\n\t><div class=\"sc_blogger_item_body\"><div class=\"post_featured with_thumb hover_icon sc_item_featured sc_blogger_item_featured\"><img fetchpriority=\"high\" decoding=\"async\" width=\"330\" height=\"360\" src=\"https:\/\/galerietraditions.com\/wp-content\/uploads\/2025\/09\/Masque-baoule-Ndoma-Centre-de-la-Cote-dIvoire-330x360.png\" class=\"attachment-craftis-thumb-med-horizontal size-craftis-thumb-med-horizontal wp-post-image\" alt=\"\" \/>\t\t\t\t\t\t<div class=\"mask\"><\/div>\n\t\t\t\t\t\t<\/div><div class=\"sc_blogger_item_content entry-content\"><div class=\"post_meta sc_blogger_item_meta post_meta_categories\"><span class=\"post_meta_item post_categories\"><a href=\"https:\/\/galerietraditions.com\/fr\/category\/decor-objects\/\" rel=\"category tag\">Decor objects<\/a><\/span><\/div><h5 class=\"sc_blogger_item_title entry-title\" data-item-number=\"1\"><a href=\"https:\/\/galerietraditions.com\/fr\/lartisanat-africain-un-patrimoine-immateriel-a-preserver\/\" rel=\"bookmark\">L\u2019artisanat africain, un patrimoine immat\u00e9riel \u00e0 pr\u00e9server<\/a><\/h5><div class=\"post_meta sc_blogger_item_meta post_meta\"><span class=\"post_meta_item post_date\"><a href=\"https:\/\/galerietraditions.com\/fr\/lartisanat-africain-un-patrimoine-immateriel-a-preserver\/\">octobre 12, 2019<\/a><\/span><a href=\"https:\/\/galerietraditions.com\/fr\/lartisanat-africain-un-patrimoine-immateriel-a-preserver\/\" class=\"post_meta_item post_meta_views trx_addons_icon-eye\"><span class=\"post_meta_number\">527<\/span><span class=\"post_meta_label\">Views<\/span><\/a><\/div><div class=\"sc_blogger_item_excerpt\">L\u2019artisanat africain n\u2019est pas seulement un ensemble d\u2019objets fa\u00e7onn\u00e9s \u00e0 la main. \nC\u2019est une m\u00e9moire vivante, le reflet d\u2019un mode de vie, d\u2019une culture et d\u2019une histoire transmise de g\u00e9n\u00e9ration en g\u00e9n\u00e9ration. \nChaque sculpture, chaque tissage, chaque bijou raconte une histoire d\u2019identit\u00e9 et de transmission. \nMais face \u00e0 la modernisation et \u00e0 la production de masse, ce patrimoine immat\u00e9riel se trouve aujourd\u2019hui fragilis\u00e9.<\/div><div class=\"sc_blogger_item_button sc_item_button\"><a href=\"https:\/\/galerietraditions.com\/fr\/lartisanat-africain-un-patrimoine-immateriel-a-preserver\/\" class=\"sc_button sc_button_simple\">Lire plus<\/a><\/div><\/div><!-- .entry-content --><\/div><!-- .sc_blogger_item_body --><\/div><!-- .sc_blogger_item --><\/div><div class=\"trx_addons_column-1_3\"><div data-post-id=\"257\" class=\"sc_blogger_item sc_item_container post_container sc_blogger_item_default sc_blogger_item_default_classic sc_blogger_item_even sc_blogger_item_align_left post_format_standard sc_blogger_item_with_image sc_blogger_item_image_position_top post-257 post type-post status-publish format-standard has-post-thumbnail hentry category-decor-objects tag-ceramics tag-pottery tag-workshop\" data-item-number=\"2\"\n\t><div class=\"sc_blogger_item_body\"><div class=\"post_featured with_thumb hover_icon sc_item_featured sc_blogger_item_featured\"><img decoding=\"async\" width=\"330\" height=\"360\" src=\"https:\/\/galerietraditions.com\/wp-content\/uploads\/2025\/09\/Masque-Djimini-avec-trompe-Centre-de-la-CI-330x360.png\" class=\"attachment-craftis-thumb-med-horizontal size-craftis-thumb-med-horizontal wp-post-image\" alt=\"\" \/>\t\t\t\t\t\t<div class=\"mask\"><\/div>\n\t\t\t\t\t\t\t\t\t<div class=\"icons\"><a href=\"https:\/\/galerietraditions.com\/fr\/comment-lart-africain-influence-les-tendances-mondiales-du-design-2\/\"  aria-hidden=\"true\" class=\"icon-visibility\"><\/a><\/div>\n\t\t\t<\/div><div class=\"sc_blogger_item_content entry-content\"><div class=\"post_meta sc_blogger_item_meta post_meta_categories\"><span class=\"post_meta_item post_categories\"><a href=\"https:\/\/galerietraditions.com\/fr\/category\/decor-objects\/\" rel=\"category tag\">Decor objects<\/a><\/span><\/div><h5 class=\"sc_blogger_item_title entry-title\" data-item-number=\"2\"><a href=\"https:\/\/galerietraditions.com\/fr\/comment-lart-africain-influence-les-tendances-mondiales-du-design-2\/\" rel=\"bookmark\">Comment l\u2019art africain influence les tendances mondiales du design ?<\/a><\/h5><div class=\"post_meta sc_blogger_item_meta post_meta\"><span class=\"post_meta_item post_date\"><a href=\"https:\/\/galerietraditions.com\/fr\/comment-lart-africain-influence-les-tendances-mondiales-du-design-2\/\">octobre 12, 2019<\/a><\/span><a href=\"https:\/\/galerietraditions.com\/fr\/comment-lart-africain-influence-les-tendances-mondiales-du-design-2\/\" class=\"post_meta_item post_meta_views trx_addons_icon-eye\"><span class=\"post_meta_number\">464<\/span><span class=\"post_meta_label\">Views<\/span><\/a><\/div><div class=\"sc_blogger_item_excerpt\">L\u2019art africain, longtemps cantonn\u00e9 au statut de curiosit\u00e9 exotique, s\u2019impose aujourd\u2019hui comme l\u2019une des sources majeures d\u2019inspiration pour les cr\u00e9ateurs du monde entier.\u00a0 \nDans les galeries, les int\u00e9rieurs contemporains ou les d\u00e9fil\u00e9s de mode, son influence se fait sentir \u00e0 travers les formes, les textures et les symboles qui incarnent une esth\u00e9tique \u00e0 la fois brute, spirituelle et profond\u00e9ment humaine.\u00a0<\/div><div class=\"sc_blogger_item_button sc_item_button\"><a href=\"https:\/\/galerietraditions.com\/fr\/comment-lart-africain-influence-les-tendances-mondiales-du-design-2\/\" class=\"sc_button sc_button_simple\">Lire plus<\/a><\/div><\/div><!-- .entry-content --><\/div><!-- .sc_blogger_item_body --><\/div><!-- .sc_blogger_item --><\/div><div class=\"trx_addons_column-1_3\"><div data-post-id=\"260\" class=\"sc_blogger_item sc_item_container post_container sc_blogger_item_default sc_blogger_item_default_classic sc_blogger_item_odd sc_blogger_item_align_left post_format_video sc_blogger_item_with_image sc_blogger_item_image_position_top post-260 post type-post status-publish format-video has-post-thumbnail hentry category-decor-objects post_format-post-format-video\" data-item-number=\"3\"\n\t><div class=\"sc_blogger_item_body\"><div class=\"post_featured with_thumb hover_play sc_item_featured sc_blogger_item_featured\"><img decoding=\"async\" width=\"330\" height=\"360\" src=\"https:\/\/galerietraditions.com\/wp-content\/uploads\/2025\/09\/Masque-yohoure-Centre-de-la-Cote-dIvoire-330x360.png\" class=\"attachment-craftis-thumb-med-horizontal size-craftis-thumb-med-horizontal wp-post-image\" alt=\"\" \/>\t\t\t\t\t\t<div class=\"mask\"><\/div>\n\t\t\t\t\t\t<\/div><div class=\"sc_blogger_item_content entry-content\"><div class=\"post_meta sc_blogger_item_meta post_meta_categories\"><span class=\"post_meta_item post_categories\"><a href=\"https:\/\/galerietraditions.com\/fr\/category\/decor-objects\/\" rel=\"category tag\">Decor objects<\/a><\/span><\/div><h5 class=\"sc_blogger_item_title entry-title\" data-item-number=\"3\"><a href=\"https:\/\/galerietraditions.com\/fr\/melanger-modernite-et-tradition-nos-conseils-deco-avec-des-objets-authentiques\/\" rel=\"bookmark\">M\u00e9langer modernit\u00e9 et tradition : nos conseils d\u00e9co avec des objets authentiques<\/a><\/h5><div class=\"post_meta sc_blogger_item_meta post_meta\"><span class=\"post_meta_item post_date\"><a href=\"https:\/\/galerietraditions.com\/fr\/melanger-modernite-et-tradition-nos-conseils-deco-avec-des-objets-authentiques\/\">octobre 12, 2019<\/a><\/span><a href=\"https:\/\/galerietraditions.com\/fr\/melanger-modernite-et-tradition-nos-conseils-deco-avec-des-objets-authentiques\/\" class=\"post_meta_item post_meta_views trx_addons_icon-eye\"><span class=\"post_meta_number\">554<\/span><span class=\"post_meta_label\">Views<\/span><\/a><\/div><div class=\"sc_blogger_item_excerpt\">Excepteur sint occaecat cupidatat non proident, sunt in culpa quiL\u2019art de la d\u00e9coration, c\u2019est avant tout une histoire d\u2019\u00e9quilibre.\u00a0 \nAujourd\u2019hui, les int\u00e9rieurs modernes recherchent plus de chaleur, d\u2019\u00e2me et d\u2019authenticit\u00e9. Et quoi de mieux que des objets artisanaux africains pour cr\u00e9er cette harmonie entre design contemporain et tradition vivante ?\u00a0 \nChez TRADITIONS, nous croyons que chaque pi\u00e8ce artisanale a le pouvoir d\u2019ancrer la modernit\u00e9 dans une histoire, une \u00e9motion, une&hellip;<\/div><div class=\"sc_blogger_item_button sc_item_button\"><a href=\"https:\/\/galerietraditions.com\/fr\/melanger-modernite-et-tradition-nos-conseils-deco-avec-des-objets-authentiques\/\" class=\"sc_button sc_button_simple\">Lire plus<\/a><\/div><\/div><!-- .entry-content --><\/div><!-- .sc_blogger_item_body --><\/div><!-- .sc_blogger_item --><\/div><\/div><nav class=\"sc_blogger_pagination sc_item_pagination sc_item_pagination_pages navigation pagination  sc_align_none\"\n\t\t\tdata-params=\"{&quot;cat&quot;:&quot;&quot;,&quot;columns&quot;:3,&quot;columns_widescreen&quot;:&quot;&quot;,&quot;columns_laptop&quot;:&quot;&quot;,&quot;columns_tablet_extra&quot;:{&quot;unit&quot;:&quot;px&quot;,&quot;size&quot;:&quot;&quot;,&quot;sizes&quot;:[]},&quot;columns_tablet&quot;:&quot;&quot;,&quot;columns_mobile_extra&quot;:{&quot;unit&quot;:&quot;px&quot;,&quot;size&quot;:&quot;&quot;,&quot;sizes&quot;:[]},&quot;columns_mobile&quot;:&quot;&quot;,&quot;count&quot;:3,&quot;offset&quot;:0,&quot;orderby&quot;:&quot;none&quot;,&quot;order&quot;:&quot;desc&quot;,&quot;ids&quot;:&quot;&quot;,&quot;slider&quot;:false,&quot;slider_effect&quot;:&quot;slide&quot;,&quot;slider_pagination&quot;:&quot;none&quot;,&quot;slider_pagination_type&quot;:&quot;bullets&quot;,&quot;slider_pagination_thumbs&quot;:0,&quot;slider_controls&quot;:&quot;none&quot;,&quot;slides_space&quot;:0,&quot;slides_centered&quot;:&quot;&quot;,&quot;slides_overflow&quot;:&quot;&quot;,&quot;slider_mouse_wheel&quot;:&quot;&quot;,&quot;slider_autoplay&quot;:&quot;1&quot;,&quot;slider_loop&quot;:&quot;1&quot;,&quot;slider_free_mode&quot;:&quot;&quot;,&quot;title&quot;:&quot;&quot;,&quot;title_align&quot;:&quot;none&quot;,&quot;title_style&quot;:&quot;default&quot;,&quot;title_tag&quot;:&quot;none&quot;,&quot;title_color&quot;:&quot;&quot;,&quot;title_color2&quot;:&quot;&quot;,&quot;gradient_fill&quot;:&quot;block&quot;,&quot;gradient_direction&quot;:&quot;0&quot;,&quot;title_border_color&quot;:&quot;&quot;,&quot;title_border_width&quot;:&quot;&quot;,&quot;title_bg_image&quot;:&quot;&quot;,&quot;title2&quot;:&quot;&quot;,&quot;title2_color&quot;:&quot;&quot;,&quot;title2_color2&quot;:&quot;&quot;,&quot;gradient_fill2&quot;:&quot;block&quot;,&quot;gradient_direction2&quot;:&quot;0&quot;,&quot;title2_border_color&quot;:&quot;&quot;,&quot;title2_border_width&quot;:&quot;&quot;,&quot;title2_bg_image&quot;:&quot;&quot;,&quot;subtitle&quot;:&quot;&quot;,&quot;subtitle_align&quot;:&quot;none&quot;,&quot;subtitle_position&quot;:&quot;above&quot;,&quot;subtitle_color&quot;:&quot;&quot;,&quot;description&quot;:&quot;&quot;,&quot;description_color&quot;:&quot;&quot;,&quot;link&quot;:&quot;&quot;,&quot;link_style&quot;:&quot;default&quot;,&quot;link_size&quot;:&quot;normal&quot;,&quot;link_image&quot;:&quot;&quot;,&quot;link_text&quot;:&quot;&quot;,&quot;new_window&quot;:0,&quot;typed&quot;:&quot;&quot;,&quot;typed_strings&quot;:&quot;&quot;,&quot;typed_loop&quot;:&quot;1&quot;,&quot;typed_cursor&quot;:&quot;1&quot;,&quot;typed_cursor_char&quot;:&quot;|&quot;,&quot;typed_color&quot;:&quot;&quot;,&quot;typed_speed&quot;:&quot;6&quot;,&quot;typed_delay&quot;:&quot;1&quot;,&quot;id&quot;:&quot;&quot;,&quot;class&quot;:&quot;&quot;,&quot;className&quot;:&quot;&quot;,&quot;css&quot;:&quot;&quot;,&quot;type&quot;:&quot;default&quot;,&quot;post_type&quot;:&quot;post&quot;,&quot;taxonomy&quot;:&quot;category&quot;,&quot;show_filters&quot;:&quot;&quot;,&quot;filters_title&quot;:&quot;&quot;,&quot;filters_subtitle&quot;:&quot;&quot;,&quot;filters_title_align&quot;:&quot;center&quot;,&quot;filters_tabs_position&quot;:&quot;top&quot;,&quot;filters_tabs_on_hover&quot;:&quot;&quot;,&quot;filters_taxonomy&quot;:&quot;category&quot;,&quot;filters_active&quot;:&quot;&quot;,&quot;filters_ids&quot;:[],&quot;filters_all&quot;:&quot;1&quot;,&quot;filters_all_text&quot;:&quot;&quot;,&quot;filters_more_text&quot;:&quot;Lire plus&quot;,&quot;meta_parts&quot;:[&quot;date&quot;,&quot;categories&quot;,&quot;views&quot;],&quot;image_position&quot;:&quot;top&quot;,&quot;image_width&quot;:&quot;40&quot;,&quot;image_ratio&quot;:&quot;none&quot;,&quot;thumb_size&quot;:&quot;&quot;,&quot;hover&quot;:&quot;inherit&quot;,&quot;date_format&quot;:&quot;&quot;,&quot;disable_date_diff&quot;:&quot;&quot;,&quot;on_plate&quot;:&quot;&quot;,&quot;hide_excerpt&quot;:&quot;&quot;,&quot;excerpt_length&quot;:&quot;70&quot;,&quot;text_align&quot;:&quot;left&quot;,&quot;no_margin&quot;:&quot;&quot;,&quot;no_links&quot;:&quot;&quot;,&quot;full_post&quot;:&quot;&quot;,&quot;video_in_popup&quot;:&quot;&quot;,&quot;numbers&quot;:&quot;&quot;,&quot;more_button&quot;:&quot;1&quot;,&quot;more_text&quot;:&quot;Lire plus&quot;,&quot;pagination&quot;:&quot;pages&quot;,&quot;page&quot;:1,&quot;posts_exclude&quot;:&quot;&quot;,&quot;align&quot;:&quot;none&quot;,&quot;template_default&quot;:&quot;classic&quot;,&quot;template_news&quot;:&quot;announce&quot;,&quot;template_excerpt&quot;:&quot;&quot;,&quot;template_band&quot;:&quot;&quot;,&quot;template_classic&quot;:&quot;&quot;,&quot;template_classic-masonry&quot;:&quot;&quot;,&quot;template_portfolio&quot;:&quot;&quot;,&quot;template_portfolio-masonry&quot;:&quot;&quot;,&quot;columns_extra&quot;:{&quot;unit&quot;:&quot;px&quot;,&quot;size&quot;:3,&quot;sizes&quot;:[]},&quot;count_extra&quot;:{&quot;unit&quot;:&quot;px&quot;,&quot;size&quot;:3,&quot;sizes&quot;:[]},&quot;offset_extra&quot;:{&quot;unit&quot;:&quot;px&quot;,&quot;size&quot;:0,&quot;sizes&quot;:[]},&quot;image_width_extra&quot;:{&quot;unit&quot;:&quot;px&quot;,&quot;size&quot;:40,&quot;sizes&quot;:[]},&quot;slides_space_extra&quot;:{&quot;unit&quot;:&quot;px&quot;,&quot;size&quot;:0,&quot;sizes&quot;:[]},&quot;gradient_direction_extra&quot;:{&quot;unit&quot;:&quot;px&quot;,&quot;size&quot;:0,&quot;sizes&quot;:[]},&quot;typed_speed_extra&quot;:{&quot;unit&quot;:&quot;px&quot;,&quot;size&quot;:6,&quot;sizes&quot;:[]},&quot;typed_delay_extra&quot;:{&quot;unit&quot;:&quot;px&quot;,&quot;size&quot;:1,&quot;sizes&quot;:[]},&quot;gradient_direction2_extra&quot;:{&quot;unit&quot;:&quot;px&quot;,&quot;size&quot;:0,&quot;sizes&quot;:[]},&quot;link_extra&quot;:{&quot;url&quot;:&quot;&quot;,&quot;is_external&quot;:&quot;&quot;,&quot;nofollow&quot;:&quot;&quot;,&quot;custom_attributes&quot;:&quot;&quot;},&quot;link_image_extra&quot;:{&quot;url&quot;:&quot;&quot;,&quot;id&quot;:&quot;&quot;,&quot;size&quot;:&quot;&quot;},&quot;scheme&quot;:&quot;&quot;,&quot;color_style&quot;:&quot;default&quot;,&quot;item_number&quot;:3,&quot;sc&quot;:&quot;sc_blogger&quot;}\"\n\t\t\trole=\"navigation\"\n\t\t>\n\t\t\t<div class=\"nav-links\"><span class=\"page-numbers current\">1<\/span><a href=\"#\" role=\"button\" class=\"page-numbers\" data-page=\"2\">2<\/a><a href=\"#\" role=\"button\" class=\"page-numbers next\" data-page=\"2\" title=\"Next page\">Next<\/a><a href=\"#\" role=\"button\" class=\"page-numbers last\" data-page=\"2\" title=\"Last page\">Last<\/a><\/div><\/nav><\/div>\t\t\t\t<\/div>\n\t\t\t\t<\/div>\n\t\t\t\t<div class=\"elementor-element elementor-element-089c35c sc_fly_static elementor-widget elementor-widget-spacer\" data-id=\"089c35c\" data-element_type=\"widget\" data-widget_type=\"spacer.default\">\n\t\t\t\t<div class=\"elementor-widget-container\">\n\t\t\t\t\t\t\t<div class=\"elementor-spacer\">\n\t\t\t<div class=\"elementor-spacer-inner\"><\/div>\n\t\t<\/div>\n\t\t\t\t\t\t<\/div>\n\t\t\t\t<\/div>\n\t\t\t\t\t<\/div>\n\t\t<\/div>\n\t\t\t\t\t<\/div>\n\t\t<\/section>\n\t\t\t\t<\/div>","protected":false},"excerpt":{"rendered":"<p>Decor objects L\u2019artisanat africain, un patrimoine immat\u00e9riel \u00e0 pr\u00e9server octobre 12, 2019429ViewsL\u2019artisanat africain n\u2019est pas seulement un ensemble d\u2019objets fa\u00e7onn\u00e9s \u00e0 la main. C\u2019est une m\u00e9moire vivante, le reflet d\u2019un mode de vie, d\u2019une culture et d\u2019une histoire transmise de&hellip;<\/p>","protected":false},"author":1,"featured_media":0,"parent":0,"menu_order":0,"comment_status":"closed","ping_status":"closed","template":"","meta":{"footnotes":""},"class_list":["post-5223","page","type-page","status-publish","hentry"],"_hostinger_reach_plugin_has_subscription_block":false,"_hostinger_reach_plugin_is_elementor":false,"_links":{"self":[{"href":"https:\/\/galerietraditions.com\/fr\/wp-json\/wp\/v2\/pages\/5223","targetHints":{"allow":["GET"]}}],"collection":[{"href":"https:\/\/galerietraditions.com\/fr\/wp-json\/wp\/v2\/pages"}],"about":[{"href":"https:\/\/galerietraditions.com\/fr\/wp-json\/wp\/v2\/types\/page"}],"author":[{"embeddable":true,"href":"https:\/\/galerietraditions.com\/fr\/wp-json\/wp\/v2\/users\/1"}],"replies":[{"embeddable":true,"href":"https:\/\/galerietraditions.com\/fr\/wp-json\/wp\/v2\/comments?post=5223"}],"version-history":[{"count":22,"href":"https:\/\/galerietraditions.com\/fr\/wp-json\/wp\/v2\/pages\/5223\/revisions"}],"predecessor-version":[{"id":5284,"href":"https:\/\/galerietraditions.com\/fr\/wp-json\/wp\/v2\/pages\/5223\/revisions\/5284"}],"wp:attachment":[{"href":"https:\/\/galerietraditions.com\/fr\/wp-json\/wp\/v2\/media?parent=5223"}],"curies":[{"name":"wp","href":"https:\/\/api.w.org\/{rel}","templated":true}]}}