{"id":4324,"date":"2025-09-29T16:40:36","date_gmt":"2025-09-29T16:40:36","guid":{"rendered":"https:\/\/lightslategray-yak-893060.hostingersite.com\/?post_type=product&#038;p=4324"},"modified":"2025-11-01T18:38:49","modified_gmt":"2025-11-01T18:38:49","slug":"masque-kroumen-godie-region-du-sud-ouest","status":"publish","type":"product","link":"https:\/\/galerietraditions.com\/fr\/produit\/masque-kroumen-godie-region-du-sud-ouest\/","title":{"rendered":"Masque kroumen\/godi\u00e9 (r\u00e9gion du sud-ouest)"},"content":{"rendered":"<p>C\u00e9l\u00e8bre et \u00e9nigmatique, ce masque \u00e0 la structure \u00ab cubiste \u00bb est issu des populations Grebo et Krou install\u00e9es au Sud-ouest de la C\u00f4te d\u2019Ivoire. Longtemps d\u00e9sign\u00e9 comme \u00ab masques de Sassandra \u00bb, il \u00e9tait aussi en usage chez les Bakw\u00e9, les Godi\u00e9 et les N\u00e8yo, rattach\u00e9s au groupe Krou et \u00e9tablis dans la r\u00e9gion du Bas-Sassandra aux alentours des villes de Soubr\u00e9, San Pedro, Fresco et Sassandra.<\/p>\n<p>Ce masque ancien, repr\u00e9senterait des esprits de la nature ou de la for\u00eat. Son usage est aujourd&#8217;hui essentiellement profane, li\u00e9 aux divertissements collectifs et aux fun\u00e9railles. Ce masque a une sp\u00e9cificit\u00e9 : une profusion d\u2019yeux et des pigments bleus sur le visage, Cela permet de mettre en valeur les volumes g\u00e9om\u00e9triques ou certaines zones sp\u00e9cifiques de son visage.<\/p>","protected":false},"excerpt":{"rendered":"<p>C\u00e9l\u00e8bre et \u00e9nigmatique, ce masque \u00e0 la structure \u00ab cubiste \u00bb est issu des populations Grebo et Krou install\u00e9es au Sud-ouest de la C\u00f4te d\u2019Ivoire. Longtemps d\u00e9sign\u00e9 comme \u00ab masques de Sassandra \u00bb, il \u00e9tait aussi en usage chez les Bakw\u00e9,<\/p>","protected":false},"featured_media":4863,"comment_status":"open","ping_status":"closed","template":"","meta":[],"product_brand":[],"product_cat":[103],"product_tag":[],"class_list":{"0":"post-4324","1":"product","2":"type-product","3":"status-publish","4":"has-post-thumbnail","6":"product_cat-masques","7":"product_shipping_class-fragile","9":"first","10":"instock","11":"shipping-taxable","12":"purchasable","13":"product-type-simple"},"_links":{"self":[{"href":"https:\/\/galerietraditions.com\/fr\/wp-json\/wp\/v2\/product\/4324","targetHints":{"allow":["GET"]}}],"collection":[{"href":"https:\/\/galerietraditions.com\/fr\/wp-json\/wp\/v2\/product"}],"about":[{"href":"https:\/\/galerietraditions.com\/fr\/wp-json\/wp\/v2\/types\/product"}],"replies":[{"embeddable":true,"href":"https:\/\/galerietraditions.com\/fr\/wp-json\/wp\/v2\/comments?post=4324"}],"version-history":[{"count":3,"href":"https:\/\/galerietraditions.com\/fr\/wp-json\/wp\/v2\/product\/4324\/revisions"}],"predecessor-version":[{"id":5342,"href":"https:\/\/galerietraditions.com\/fr\/wp-json\/wp\/v2\/product\/4324\/revisions\/5342"}],"wp:featuredmedia":[{"embeddable":true,"href":"https:\/\/galerietraditions.com\/fr\/wp-json\/wp\/v2\/media\/4863"}],"wp:attachment":[{"href":"https:\/\/galerietraditions.com\/fr\/wp-json\/wp\/v2\/media?parent=4324"}],"wp:term":[{"taxonomy":"product_brand","embeddable":true,"href":"https:\/\/galerietraditions.com\/fr\/wp-json\/wp\/v2\/product_brand?post=4324"},{"taxonomy":"product_cat","embeddable":true,"href":"https:\/\/galerietraditions.com\/fr\/wp-json\/wp\/v2\/product_cat?post=4324"},{"taxonomy":"product_tag","embeddable":true,"href":"https:\/\/galerietraditions.com\/fr\/wp-json\/wp\/v2\/product_tag?post=4324"}],"curies":[{"name":"wp","href":"https:\/\/api.w.org\/{rel}","templated":true}]}}