{"id":4342,"date":"2025-09-30T10:51:50","date_gmt":"2025-09-30T10:51:50","guid":{"rendered":"https:\/\/lightslategray-yak-893060.hostingersite.com\/?post_type=product&#038;p=4342"},"modified":"2025-11-01T18:39:33","modified_gmt":"2025-11-01T18:39:33","slug":"masque-dan-avec-cauris-et-tresses-ouest-de-la-ci","status":"publish","type":"product","link":"https:\/\/galerietraditions.com\/fr\/produit\/masque-dan-avec-cauris-et-tresses-ouest-de-la-ci\/","title":{"rendered":"Masque dan avec cauris et tresses (Ouest de la CI)"},"content":{"rendered":"<p>Ce masque Dan de l\u2019Ouest de la C\u00f4te d\u2019Ivoire pr\u00e9sente des caract\u00e9ristiques classiques dont la face assez plane avec un front bomb\u00e9, des yeux circulaires, grands ouverts et une petite bouche avec des l\u00e8vres fines. L&#8217;imposante coiffe en corde est orn\u00e9e de cauris et de grelots pr\u00e8s du menton. Chez les Dan, les masques sont les esprits de la brousse.<\/p>","protected":false},"excerpt":{"rendered":"<p>Ce masque Dan de l\u2019Ouest de la C\u00f4te d\u2019Ivoire pr\u00e9sente des caract\u00e9ristiques classiques dont la face assez plane avec un front bomb\u00e9, des yeux circulaires, grands ouverts et une petite bouche avec des l\u00e8vres fines.<\/p>","protected":false},"featured_media":4895,"comment_status":"open","ping_status":"closed","template":"","meta":[],"product_brand":[],"product_cat":[103],"product_tag":[109],"class_list":{"0":"post-4342","1":"product","2":"type-product","3":"status-publish","4":"has-post-thumbnail","6":"product_cat-masques","7":"product_tag-masques","8":"product_shipping_class-fragile","10":"first","11":"instock","12":"shipping-taxable","13":"purchasable","14":"product-type-simple"},"_links":{"self":[{"href":"https:\/\/galerietraditions.com\/fr\/wp-json\/wp\/v2\/product\/4342","targetHints":{"allow":["GET"]}}],"collection":[{"href":"https:\/\/galerietraditions.com\/fr\/wp-json\/wp\/v2\/product"}],"about":[{"href":"https:\/\/galerietraditions.com\/fr\/wp-json\/wp\/v2\/types\/product"}],"replies":[{"embeddable":true,"href":"https:\/\/galerietraditions.com\/fr\/wp-json\/wp\/v2\/comments?post=4342"}],"version-history":[{"count":3,"href":"https:\/\/galerietraditions.com\/fr\/wp-json\/wp\/v2\/product\/4342\/revisions"}],"predecessor-version":[{"id":5343,"href":"https:\/\/galerietraditions.com\/fr\/wp-json\/wp\/v2\/product\/4342\/revisions\/5343"}],"wp:featuredmedia":[{"embeddable":true,"href":"https:\/\/galerietraditions.com\/fr\/wp-json\/wp\/v2\/media\/4895"}],"wp:attachment":[{"href":"https:\/\/galerietraditions.com\/fr\/wp-json\/wp\/v2\/media?parent=4342"}],"wp:term":[{"taxonomy":"product_brand","embeddable":true,"href":"https:\/\/galerietraditions.com\/fr\/wp-json\/wp\/v2\/product_brand?post=4342"},{"taxonomy":"product_cat","embeddable":true,"href":"https:\/\/galerietraditions.com\/fr\/wp-json\/wp\/v2\/product_cat?post=4342"},{"taxonomy":"product_tag","embeddable":true,"href":"https:\/\/galerietraditions.com\/fr\/wp-json\/wp\/v2\/product_tag?post=4342"}],"curies":[{"name":"wp","href":"https:\/\/api.w.org\/{rel}","templated":true}]}}