{"id":4360,"date":"2025-09-30T10:52:16","date_gmt":"2025-09-30T10:52:16","guid":{"rendered":"https:\/\/lightslategray-yak-893060.hostingersite.com\/?post_type=product&#038;p=4360"},"modified":"2025-11-01T18:42:17","modified_gmt":"2025-11-01T18:42:17","slug":"masque-baoule-ndoma-centre-de-la-cote-divoire","status":"publish","type":"product","link":"https:\/\/galerietraditions.com\/fr\/produit\/masque-baoule-ndoma-centre-de-la-cote-divoire\/","title":{"rendered":"Masque baoul\u00e9 Ndoma (Centre de la C\u00f4te d\u2019Ivoire)"},"content":{"rendered":"<p>Ce masque traditionnel repr\u00e9sente une t\u00eate humaine poss\u00e9dant des scarifications sur les tempes et une coiffure \u00e9labor\u00e9e. Ce masque n\u2019a pas de fonction sacr\u00e9e. Il appara\u00eet uniquement pendant des f\u00eates li\u00e9es aux visites de dignitaires \u00e9trangers. Le masque Yaour\u00e8 peut cependant influencer les forces surnaturelles responsables des maux des hommes mais aussi de leur prosp\u00e9rit\u00e9 afin de r\u00e9tablir le d\u00e9s\u00e9quilibre social et politique que peut entrainer lke d\u00e9c\u00e8s. Ce type de masque peut parfois pr\u00e9senter deux visages plac\u00e9s c\u00f4te \u00e0 c\u00f4te, \u00e9voquant des jumeaux. La patine externe est typiquement lisse et sombre. Les masques Yohour\u00e8 sont souvent entour\u00e9s d\u2019une bordure dentel\u00e9e qui structure le masque et souligne l\u2019harmonie g\u00e9n\u00e9rale des formes. Les Yaour\u00e8 ont un grand sens identitaire. La culture Yaour\u00e8 est influenc\u00e9e par son voisin baoul\u00e9 et gouro<\/p>","protected":false},"excerpt":{"rendered":"<p>Ce masque traditionnel repr\u00e9sente une t\u00eate humaine poss\u00e9dant des scarifications sur les tempes et une coiffure \u00e9labor\u00e9e. Ce masque n\u2019a pas de fonction sacr\u00e9e. Il appara\u00eet uniquement pendant des f\u00eates li\u00e9es aux visites de dignitaires \u00e9trangers.<\/p>","protected":false},"featured_media":4890,"comment_status":"open","ping_status":"closed","template":"","meta":[],"product_brand":[],"product_cat":[103],"product_tag":[66,44,68,67],"class_list":{"0":"post-4360","1":"product","2":"type-product","3":"status-publish","4":"has-post-thumbnail","6":"product_cat-masques","7":"product_tag-embroidery","8":"product_tag-kitchen","9":"product_tag-ornament","10":"product_tag-tools","11":"product_shipping_class-fragile","13":"first","14":"instock","15":"shipping-taxable","16":"purchasable","17":"product-type-simple"},"_links":{"self":[{"href":"https:\/\/galerietraditions.com\/fr\/wp-json\/wp\/v2\/product\/4360","targetHints":{"allow":["GET"]}}],"collection":[{"href":"https:\/\/galerietraditions.com\/fr\/wp-json\/wp\/v2\/product"}],"about":[{"href":"https:\/\/galerietraditions.com\/fr\/wp-json\/wp\/v2\/types\/product"}],"replies":[{"embeddable":true,"href":"https:\/\/galerietraditions.com\/fr\/wp-json\/wp\/v2\/comments?post=4360"}],"version-history":[{"count":3,"href":"https:\/\/galerietraditions.com\/fr\/wp-json\/wp\/v2\/product\/4360\/revisions"}],"predecessor-version":[{"id":5345,"href":"https:\/\/galerietraditions.com\/fr\/wp-json\/wp\/v2\/product\/4360\/revisions\/5345"}],"wp:featuredmedia":[{"embeddable":true,"href":"https:\/\/galerietraditions.com\/fr\/wp-json\/wp\/v2\/media\/4890"}],"wp:attachment":[{"href":"https:\/\/galerietraditions.com\/fr\/wp-json\/wp\/v2\/media?parent=4360"}],"wp:term":[{"taxonomy":"product_brand","embeddable":true,"href":"https:\/\/galerietraditions.com\/fr\/wp-json\/wp\/v2\/product_brand?post=4360"},{"taxonomy":"product_cat","embeddable":true,"href":"https:\/\/galerietraditions.com\/fr\/wp-json\/wp\/v2\/product_cat?post=4360"},{"taxonomy":"product_tag","embeddable":true,"href":"https:\/\/galerietraditions.com\/fr\/wp-json\/wp\/v2\/product_tag?post=4360"}],"curies":[{"name":"wp","href":"https:\/\/api.w.org\/{rel}","templated":true}]}}