{"id":4378,"date":"2025-09-30T10:53:11","date_gmt":"2025-09-30T10:53:11","guid":{"rendered":"https:\/\/lightslategray-yak-893060.hostingersite.com\/?post_type=product&#038;p=4378"},"modified":"2025-11-01T18:42:55","modified_gmt":"2025-11-01T18:42:55","slug":"masque-dan-ouest-de-la-cote-divoire","status":"publish","type":"product","link":"https:\/\/galerietraditions.com\/fr\/produit\/masque-dan-ouest-de-la-cote-divoire\/","title":{"rendered":"Masque dan (Ouest de la C\u00f4te d&#8217;Ivoire)"},"content":{"rendered":"<p>Le Masque Dan-Yacouba, esprit de la brousse, se caract\u00e9rise par sa grande vari\u00e9t\u00e9. Il est utilis\u00e9 pour diverses finalit\u00e9s. Ce masque dan aux l\u00e8vres charnues, aux narines \u00e9largies, aux yeux en amande ferm\u00e9s est un masque dont la fonction est de r\u00e9gler les d\u00e9saccords ou de prot\u00e9ger les nouveau-n\u00e9s. R\u00e9alis\u00e9s g\u00e9n\u00e9ralement dans un bois tr\u00e8s dur, il est poli avec les feuilles d\u2019un arbre similaire \u00e0 du papier de verre, puis teint \u00e0 l\u2019aide de teinture v\u00e9g\u00e9tale (latex, suie\u2026).<\/p>","protected":false},"excerpt":{"rendered":"<p>Le Masque Dan-Yacouba, esprit de la brousse, se caract\u00e9rise par sa grande vari\u00e9t\u00e9. Il est utilis\u00e9 pour diverses finalit\u00e9s. Ce masque dan aux l\u00e8vres charnues, aux narines \u00e9largies, aux yeux en amande ferm\u00e9s est un masque dont la fonction est de r\u00e9gler les d\u00e9saccords ou de prot\u00e9ger les nouveau-n\u00e9s.<\/p>","protected":false},"featured_media":4893,"comment_status":"open","ping_status":"closed","template":"","meta":[],"product_brand":[],"product_cat":[103],"product_tag":[66,44,68,67],"class_list":{"0":"post-4378","1":"product","2":"type-product","3":"status-publish","4":"has-post-thumbnail","6":"product_cat-masques","7":"product_tag-embroidery","8":"product_tag-kitchen","9":"product_tag-ornament","10":"product_tag-tools","11":"product_shipping_class-fragile","13":"first","14":"instock","15":"shipping-taxable","16":"purchasable","17":"product-type-simple"},"_links":{"self":[{"href":"https:\/\/galerietraditions.com\/fr\/wp-json\/wp\/v2\/product\/4378","targetHints":{"allow":["GET"]}}],"collection":[{"href":"https:\/\/galerietraditions.com\/fr\/wp-json\/wp\/v2\/product"}],"about":[{"href":"https:\/\/galerietraditions.com\/fr\/wp-json\/wp\/v2\/types\/product"}],"replies":[{"embeddable":true,"href":"https:\/\/galerietraditions.com\/fr\/wp-json\/wp\/v2\/comments?post=4378"}],"version-history":[{"count":2,"href":"https:\/\/galerietraditions.com\/fr\/wp-json\/wp\/v2\/product\/4378\/revisions"}],"predecessor-version":[{"id":5346,"href":"https:\/\/galerietraditions.com\/fr\/wp-json\/wp\/v2\/product\/4378\/revisions\/5346"}],"wp:featuredmedia":[{"embeddable":true,"href":"https:\/\/galerietraditions.com\/fr\/wp-json\/wp\/v2\/media\/4893"}],"wp:attachment":[{"href":"https:\/\/galerietraditions.com\/fr\/wp-json\/wp\/v2\/media?parent=4378"}],"wp:term":[{"taxonomy":"product_brand","embeddable":true,"href":"https:\/\/galerietraditions.com\/fr\/wp-json\/wp\/v2\/product_brand?post=4378"},{"taxonomy":"product_cat","embeddable":true,"href":"https:\/\/galerietraditions.com\/fr\/wp-json\/wp\/v2\/product_cat?post=4378"},{"taxonomy":"product_tag","embeddable":true,"href":"https:\/\/galerietraditions.com\/fr\/wp-json\/wp\/v2\/product_tag?post=4378"}],"curies":[{"name":"wp","href":"https:\/\/api.w.org\/{rel}","templated":true}]}}