{"id":4396,"date":"2025-09-30T10:53:54","date_gmt":"2025-09-30T10:53:54","guid":{"rendered":"https:\/\/lightslategray-yak-893060.hostingersite.com\/?post_type=product&#038;p=4396"},"modified":"2025-11-01T18:43:58","modified_gmt":"2025-11-01T18:43:58","slug":"masque-baoule-centre-de-la-cote-divoire","status":"publish","type":"product","link":"https:\/\/galerietraditions.com\/fr\/produit\/masque-baoule-centre-de-la-cote-divoire\/","title":{"rendered":"Masque Baoul\u00e8 (Centre de la C\u00f4te d\u2019Ivoire)"},"content":{"rendered":"<p>Les masques Yohour\u00e9 symbolisent le Yu ou pouvoir spirituel. Ils pr\u00e9sentent un visage allong\u00e9 \u00e0 la bouche protub\u00e9rante, aux yeux semi-circulaires et au front haut, encadr\u00e9 par une coiffure caract\u00e9ristique, surmont\u00e9e d\u2019un animal totem ou d\u2019un motif en forme de peigne.<\/p>\n<p>Le motif cr\u00e9nel\u00e9 pr\u00e9sent sur le bord des masques est caract\u00e9ristique des masques Yohour\u00e9 qui sont g\u00e9n\u00e9ralement port\u00e9s durant deux occasions : la c\u00e9l\u00e9bration Ye pour purifier le village apr\u00e8s un d\u00e9c\u00e8s et la c\u00e9r\u00e9monie Lo pour aider l\u2019\u00e2me du d\u00e9funt \u00e0 atteindre le repos \u00e9ternel. Il peut aussi appara\u00eetre au cours de r\u00e9jouissances. Ce masque Lomane avec un oiseau dont la t\u00eate est orient\u00e9e vers le bas symbolise l\u2019union sacr\u00e9e entre le monde visible et invisible. L\u2019oiseau est tr\u00e8s pr\u00e9sent dans la statuaire Yohour\u00e8 et repr\u00e9sente l\u2019\u00e9l\u00e9vation spirituelle. Les Yaour\u00e8 sont un sous-groupe du peuple akan. G\u00e9ographiquement proches des baoul\u00e9 et des Gouro.<\/p>","protected":false},"excerpt":{"rendered":"<p>Les masques Yohour\u00e9 symbolisent le Yu ou pouvoir spirituel. Ils pr\u00e9sentent un visage allong\u00e9 \u00e0 la bouche protub\u00e9rante, aux yeux semi-circulaires et au front haut, encadr\u00e9 par une coiffure caract\u00e9ristique, surmont\u00e9e d\u2019un animal totem ou d\u2019un motif en forme de peigne.<\/p>","protected":false},"featured_media":4888,"comment_status":"open","ping_status":"closed","template":"","meta":[],"product_brand":[],"product_cat":[103],"product_tag":[66,44,68,67],"class_list":{"0":"post-4396","1":"product","2":"type-product","3":"status-publish","4":"has-post-thumbnail","6":"product_cat-masques","7":"product_tag-embroidery","8":"product_tag-kitchen","9":"product_tag-ornament","10":"product_tag-tools","11":"product_shipping_class-fragile","13":"first","14":"instock","15":"shipping-taxable","16":"purchasable","17":"product-type-simple"},"_links":{"self":[{"href":"https:\/\/galerietraditions.com\/fr\/wp-json\/wp\/v2\/product\/4396","targetHints":{"allow":["GET"]}}],"collection":[{"href":"https:\/\/galerietraditions.com\/fr\/wp-json\/wp\/v2\/product"}],"about":[{"href":"https:\/\/galerietraditions.com\/fr\/wp-json\/wp\/v2\/types\/product"}],"replies":[{"embeddable":true,"href":"https:\/\/galerietraditions.com\/fr\/wp-json\/wp\/v2\/comments?post=4396"}],"version-history":[{"count":3,"href":"https:\/\/galerietraditions.com\/fr\/wp-json\/wp\/v2\/product\/4396\/revisions"}],"predecessor-version":[{"id":5347,"href":"https:\/\/galerietraditions.com\/fr\/wp-json\/wp\/v2\/product\/4396\/revisions\/5347"}],"wp:featuredmedia":[{"embeddable":true,"href":"https:\/\/galerietraditions.com\/fr\/wp-json\/wp\/v2\/media\/4888"}],"wp:attachment":[{"href":"https:\/\/galerietraditions.com\/fr\/wp-json\/wp\/v2\/media?parent=4396"}],"wp:term":[{"taxonomy":"product_brand","embeddable":true,"href":"https:\/\/galerietraditions.com\/fr\/wp-json\/wp\/v2\/product_brand?post=4396"},{"taxonomy":"product_cat","embeddable":true,"href":"https:\/\/galerietraditions.com\/fr\/wp-json\/wp\/v2\/product_cat?post=4396"},{"taxonomy":"product_tag","embeddable":true,"href":"https:\/\/galerietraditions.com\/fr\/wp-json\/wp\/v2\/product_tag?post=4396"}],"curies":[{"name":"wp","href":"https:\/\/api.w.org\/{rel}","templated":true}]}}