{"id":4415,"date":"2025-09-30T11:22:57","date_gmt":"2025-09-30T11:22:57","guid":{"rendered":"https:\/\/lightslategray-yak-893060.hostingersite.com\/?post_type=product&#038;p=4415"},"modified":"2025-11-01T18:44:36","modified_gmt":"2025-11-01T18:44:36","slug":"masque-djimini-centre-nord-de-la-ci","status":"publish","type":"product","link":"https:\/\/galerietraditions.com\/fr\/produit\/masque-djimini-centre-nord-de-la-ci\/","title":{"rendered":"Masque djimini (Centre-Nord  de la CI)"},"content":{"rendered":"<p>Les Djimini, comme les Tagouana, sont des Mand\u00e9 du nord de la C\u00f4te d\u2019ivoire. Lors des conqu\u00eates de Samory, ils pay\u00e8rent un lourd tribut pour n\u2019avoir pas voulu traiter avec lui. Colonis\u00e9e par la France au XIXe si\u00e8cle, ils ont adopt\u00e9 la religion import\u00e9e. Pour ces deux raisons, les masques et la statuaire ont grandement disparu chez ces deux peuples. Cependant, quelques rares masques et statues dont on avait la certitude qu\u2019ils \u00e9taient les repr\u00e9sentants de bons g\u00e9nies furent conserv\u00e9s. On remarque la patine noire et \u00e9paisse \u00e0 la surface de ce masque Djimini. Cela est d\u00fb \u00e0 l\u2019art des Djimini qui ma\u00eetrisaient les vernissages des poteries en se servant de r\u00e9sines d\u2019arbres, des techniques qu\u2019ils ont r\u00e9pliqu\u00e9 sur la surface des masques. Le masque est port\u00e9 durant les c\u00e9r\u00e9monies rituelles.<\/p>","protected":false},"excerpt":{"rendered":"<p>Les Djimini, comme les Tagouana, sont des Mand\u00e9 du nord de la C\u00f4te d\u2019ivoire. Lors des conqu\u00eates de Samory, ils pay\u00e8rent un lourd tribut pour n\u2019avoir pas voulu traiter avec lui. Colonis\u00e9e par la France au XIXe si\u00e8cle, ils ont adopt\u00e9 la religion import\u00e9e. Pour ces deux raisons, les masques et la statuaire ont grandement disparu chez ces deux peuples.<\/p>","protected":false},"featured_media":4897,"comment_status":"open","ping_status":"closed","template":"","meta":[],"product_brand":[],"product_cat":[103],"product_tag":[66,44,68,67],"class_list":{"0":"post-4415","1":"product","2":"type-product","3":"status-publish","4":"has-post-thumbnail","6":"product_cat-masques","7":"product_tag-embroidery","8":"product_tag-kitchen","9":"product_tag-ornament","10":"product_tag-tools","11":"product_shipping_class-fragile","13":"first","14":"instock","15":"shipping-taxable","16":"purchasable","17":"product-type-simple"},"_links":{"self":[{"href":"https:\/\/galerietraditions.com\/fr\/wp-json\/wp\/v2\/product\/4415","targetHints":{"allow":["GET"]}}],"collection":[{"href":"https:\/\/galerietraditions.com\/fr\/wp-json\/wp\/v2\/product"}],"about":[{"href":"https:\/\/galerietraditions.com\/fr\/wp-json\/wp\/v2\/types\/product"}],"replies":[{"embeddable":true,"href":"https:\/\/galerietraditions.com\/fr\/wp-json\/wp\/v2\/comments?post=4415"}],"version-history":[{"count":2,"href":"https:\/\/galerietraditions.com\/fr\/wp-json\/wp\/v2\/product\/4415\/revisions"}],"predecessor-version":[{"id":5348,"href":"https:\/\/galerietraditions.com\/fr\/wp-json\/wp\/v2\/product\/4415\/revisions\/5348"}],"wp:featuredmedia":[{"embeddable":true,"href":"https:\/\/galerietraditions.com\/fr\/wp-json\/wp\/v2\/media\/4897"}],"wp:attachment":[{"href":"https:\/\/galerietraditions.com\/fr\/wp-json\/wp\/v2\/media?parent=4415"}],"wp:term":[{"taxonomy":"product_brand","embeddable":true,"href":"https:\/\/galerietraditions.com\/fr\/wp-json\/wp\/v2\/product_brand?post=4415"},{"taxonomy":"product_cat","embeddable":true,"href":"https:\/\/galerietraditions.com\/fr\/wp-json\/wp\/v2\/product_cat?post=4415"},{"taxonomy":"product_tag","embeddable":true,"href":"https:\/\/galerietraditions.com\/fr\/wp-json\/wp\/v2\/product_tag?post=4415"}],"curies":[{"name":"wp","href":"https:\/\/api.w.org\/{rel}","templated":true}]}}