{"id":4433,"date":"2025-09-30T11:32:25","date_gmt":"2025-09-30T11:32:25","guid":{"rendered":"https:\/\/lightslategray-yak-893060.hostingersite.com\/?post_type=product&#038;p=4433"},"modified":"2025-11-01T18:45:31","modified_gmt":"2025-11-01T18:45:31","slug":"masque-yohoure-centre-cote-divoire","status":"publish","type":"product","link":"https:\/\/galerietraditions.com\/fr\/produit\/masque-yohoure-centre-cote-divoire\/","title":{"rendered":"Masque yohour\u00e8 (Centre C\u00f4te d\u2019Ivoire)"},"content":{"rendered":"<p>Ce masque repr\u00e9sente un habitant du village, renomm\u00e9 pour son adresse \u00e0 la danse ou pour sa beaut\u00e9. Ce masque portrait peut aussi s\u2019appeler do ou n\u2019doma. T\u00eate f\u00e9minine a une coiffure en deux grosses coques tress\u00e9es. La chevelure, les sourcils, les scarifications (front, joue et bouche) et la barbe en corolle sont en noir. Du kaolin souligne les yeux. Masque en bois \u00e0 la patine sombre et lisse.<\/p>\n<p>Le peuple baoul\u00e9 est originaire du centre de la C\u00f4te d\u2019Ivoire. Les masques Kpan Goli sont consid\u00e9r\u00e9s comme l\u2019incarnation des m\u00e8res qui donnent la vie. Contrairement aux masques Kpwan Goli Kplin, les femmes et les enfants sont encourag\u00e9s \u00e0 danser et \u00e0 chanter avec les masques Kpwan lors des c\u00e9l\u00e9brations. Lorsqu\u2019ils ne sont pas utilis\u00e9s, ces masques sont conserv\u00e9s dans la brousse.<\/p>","protected":false},"excerpt":{"rendered":"<p>Ce masque repr\u00e9sente un habitant du village, renomm\u00e9 pour son adresse \u00e0 la danse ou pour sa beaut\u00e9. Ce masque portrait peut aussi s\u2019appeler do ou n\u2019doma. T\u00eate f\u00e9minine a une coiffure en deux grosses coques tress\u00e9es.<\/p>","protected":false},"featured_media":4869,"comment_status":"open","ping_status":"closed","template":"","meta":[],"product_brand":[],"product_cat":[103],"product_tag":[66,44,68,67],"class_list":{"0":"post-4433","1":"product","2":"type-product","3":"status-publish","4":"has-post-thumbnail","6":"product_cat-masques","7":"product_tag-embroidery","8":"product_tag-kitchen","9":"product_tag-ornament","10":"product_tag-tools","11":"product_shipping_class-fragile","13":"first","14":"instock","15":"shipping-taxable","16":"purchasable","17":"product-type-simple"},"_links":{"self":[{"href":"https:\/\/galerietraditions.com\/fr\/wp-json\/wp\/v2\/product\/4433","targetHints":{"allow":["GET"]}}],"collection":[{"href":"https:\/\/galerietraditions.com\/fr\/wp-json\/wp\/v2\/product"}],"about":[{"href":"https:\/\/galerietraditions.com\/fr\/wp-json\/wp\/v2\/types\/product"}],"replies":[{"embeddable":true,"href":"https:\/\/galerietraditions.com\/fr\/wp-json\/wp\/v2\/comments?post=4433"}],"version-history":[{"count":3,"href":"https:\/\/galerietraditions.com\/fr\/wp-json\/wp\/v2\/product\/4433\/revisions"}],"predecessor-version":[{"id":5349,"href":"https:\/\/galerietraditions.com\/fr\/wp-json\/wp\/v2\/product\/4433\/revisions\/5349"}],"wp:featuredmedia":[{"embeddable":true,"href":"https:\/\/galerietraditions.com\/fr\/wp-json\/wp\/v2\/media\/4869"}],"wp:attachment":[{"href":"https:\/\/galerietraditions.com\/fr\/wp-json\/wp\/v2\/media?parent=4433"}],"wp:term":[{"taxonomy":"product_brand","embeddable":true,"href":"https:\/\/galerietraditions.com\/fr\/wp-json\/wp\/v2\/product_brand?post=4433"},{"taxonomy":"product_cat","embeddable":true,"href":"https:\/\/galerietraditions.com\/fr\/wp-json\/wp\/v2\/product_cat?post=4433"},{"taxonomy":"product_tag","embeddable":true,"href":"https:\/\/galerietraditions.com\/fr\/wp-json\/wp\/v2\/product_tag?post=4433"}],"curies":[{"name":"wp","href":"https:\/\/api.w.org\/{rel}","templated":true}]}}