{"id":4451,"date":"2025-09-30T12:02:54","date_gmt":"2025-09-30T12:02:54","guid":{"rendered":"https:\/\/lightslategray-yak-893060.hostingersite.com\/?post_type=product&#038;p=4451"},"modified":"2025-11-01T18:46:27","modified_gmt":"2025-11-01T18:46:27","slug":"masque-du-gabon-afrique-centrale","status":"publish","type":"product","link":"https:\/\/galerietraditions.com\/fr\/produit\/masque-du-gabon-afrique-centrale\/","title":{"rendered":"Masque du Gabon (Afrique centrale)"},"content":{"rendered":"<p>Le masque kifwebe est un objet de c\u00e9r\u00e9monie des soci\u00e9t\u00e9s songye et luba (R\u00e9publique d\u00e9mocratique du Congo). Le terme songye kifwebe signifie g\u00e9n\u00e9riquement \u00ab masque \u00bb et il s\u2019applique \u00e0 diff\u00e9rents types de masques caract\u00e9ris\u00e9s par des yeux aux paupi\u00e8res mi-closes, un nez et une bouche en fort relief et les stries sur le visage. Ces stries pourraient \u00e9voquer un animal, peut-\u00eatre l\u2019antilope ray\u00e9e bongo.<\/p>\n<p>Les bifwebe (pluriel de kifwebe) sont g\u00e9n\u00e9ralement port\u00e9s par paire lors de danses mettant en sc\u00e8ne les esprits des morts, hommes et femmes, les forces surnaturelles et les \u00eatres myst\u00e9rieux. Ces masques, du fait de la forme cubiste de leurs visages, ainsi que de l\u2019aspect graphique des motifs, restent myst\u00e9rieux.<\/p>","protected":false},"excerpt":{"rendered":"<p>Le masque kifwebe est un objet de c\u00e9r\u00e9monie des soci\u00e9t\u00e9s songye et luba (R\u00e9publique d\u00e9mocratique du Congo). Le terme songye kifwebe signifie g\u00e9n\u00e9riquement \u00ab masque \u00bb et il s\u2019applique \u00e0 diff\u00e9rents types de masques caract\u00e9ris\u00e9s par des yeux aux paupi\u00e8res mi-closes, un nez et une bouche en fort relief et les stries sur le visage.<\/p>","protected":false},"featured_media":4899,"comment_status":"open","ping_status":"closed","template":"","meta":[],"product_brand":[],"product_cat":[103],"product_tag":[66,44,68,67],"class_list":{"0":"post-4451","1":"product","2":"type-product","3":"status-publish","4":"has-post-thumbnail","6":"product_cat-masques","7":"product_tag-embroidery","8":"product_tag-kitchen","9":"product_tag-ornament","10":"product_tag-tools","11":"product_shipping_class-fragile","13":"first","14":"instock","15":"shipping-taxable","16":"purchasable","17":"product-type-simple"},"_links":{"self":[{"href":"https:\/\/galerietraditions.com\/fr\/wp-json\/wp\/v2\/product\/4451","targetHints":{"allow":["GET"]}}],"collection":[{"href":"https:\/\/galerietraditions.com\/fr\/wp-json\/wp\/v2\/product"}],"about":[{"href":"https:\/\/galerietraditions.com\/fr\/wp-json\/wp\/v2\/types\/product"}],"replies":[{"embeddable":true,"href":"https:\/\/galerietraditions.com\/fr\/wp-json\/wp\/v2\/comments?post=4451"}],"version-history":[{"count":2,"href":"https:\/\/galerietraditions.com\/fr\/wp-json\/wp\/v2\/product\/4451\/revisions"}],"predecessor-version":[{"id":5350,"href":"https:\/\/galerietraditions.com\/fr\/wp-json\/wp\/v2\/product\/4451\/revisions\/5350"}],"wp:featuredmedia":[{"embeddable":true,"href":"https:\/\/galerietraditions.com\/fr\/wp-json\/wp\/v2\/media\/4899"}],"wp:attachment":[{"href":"https:\/\/galerietraditions.com\/fr\/wp-json\/wp\/v2\/media?parent=4451"}],"wp:term":[{"taxonomy":"product_brand","embeddable":true,"href":"https:\/\/galerietraditions.com\/fr\/wp-json\/wp\/v2\/product_brand?post=4451"},{"taxonomy":"product_cat","embeddable":true,"href":"https:\/\/galerietraditions.com\/fr\/wp-json\/wp\/v2\/product_cat?post=4451"},{"taxonomy":"product_tag","embeddable":true,"href":"https:\/\/galerietraditions.com\/fr\/wp-json\/wp\/v2\/product_tag?post=4451"}],"curies":[{"name":"wp","href":"https:\/\/api.w.org\/{rel}","templated":true}]}}