{"id":4469,"date":"2025-09-30T12:05:16","date_gmt":"2025-09-30T12:05:16","guid":{"rendered":"https:\/\/lightslategray-yak-893060.hostingersite.com\/?post_type=product&#038;p=4469"},"modified":"2025-11-01T18:47:11","modified_gmt":"2025-11-01T18:47:11","slug":"masque-bete-centre-ouest-de-la-ci","status":"publish","type":"product","link":"https:\/\/galerietraditions.com\/fr\/produit\/masque-bete-centre-ouest-de-la-ci\/","title":{"rendered":"Masque b\u00e9t\u00e9 (Centre-Ouest de la CI)"},"content":{"rendered":"<p>Masque de danse de l\u2019Ouest de la C\u00f4te d\u2019Ivoire. Il se d\u00e9gage de cette \u0153uvre une force puissante et primitive. C&#8217;est le but premier de ces masques, cr\u00e9er la peur et l&#8217;effroi. En cas de conflit entre clan, ces masques sortent.<\/p>\n<p>Ils peuvent r\u00e9gler les conflits sans que le sang ne soit vers\u00e9, ni que l&#8217;honneur d&#8217;un des clans ne soit bafou\u00e9. Ce masque porte une expression dure, son regard est per\u00e7ant, sa bouche entrouverte est mena\u00e7ante. Il nous montre ses dents. Les volumes sont habilement trait\u00e9s et typiques des masques de la culture w\u00e8.<\/p>","protected":false},"excerpt":{"rendered":"<p>Masque de danse de l\u2019Ouest de la C\u00f4te d\u2019Ivoire. Il se d\u00e9gage de cette \u0153uvre une force puissante et primitive. C&#8217;est le but premier de ces masques, cr\u00e9er la peur et l&#8217;effroi. En cas de conflit entre clan, ces masques sortent.<\/p>\n<p>Ils peuvent r\u00e9gler les conflits sans que le sang ne soit vers\u00e9, ni que l&#8217;honneur d&#8217;un des clans ne soit bafou\u00e9. Ce masque porte une expression dure, son regard est per\u00e7ant, sa bouche entrouverte est mena\u00e7ante. Il nous montre ses dents. Les volumes sont habilement trait\u00e9s et typiques des masques de la culture w\u00e8.<\/p>","protected":false},"featured_media":4891,"comment_status":"open","ping_status":"closed","template":"","meta":[],"product_brand":[],"product_cat":[103],"product_tag":[66,44,68,67],"class_list":{"0":"post-4469","1":"product","2":"type-product","3":"status-publish","4":"has-post-thumbnail","6":"product_cat-masques","7":"product_tag-embroidery","8":"product_tag-kitchen","9":"product_tag-ornament","10":"product_tag-tools","11":"product_shipping_class-fragile","13":"first","14":"instock","15":"shipping-taxable","16":"purchasable","17":"product-type-simple"},"_links":{"self":[{"href":"https:\/\/galerietraditions.com\/fr\/wp-json\/wp\/v2\/product\/4469","targetHints":{"allow":["GET"]}}],"collection":[{"href":"https:\/\/galerietraditions.com\/fr\/wp-json\/wp\/v2\/product"}],"about":[{"href":"https:\/\/galerietraditions.com\/fr\/wp-json\/wp\/v2\/types\/product"}],"replies":[{"embeddable":true,"href":"https:\/\/galerietraditions.com\/fr\/wp-json\/wp\/v2\/comments?post=4469"}],"version-history":[{"count":2,"href":"https:\/\/galerietraditions.com\/fr\/wp-json\/wp\/v2\/product\/4469\/revisions"}],"predecessor-version":[{"id":5351,"href":"https:\/\/galerietraditions.com\/fr\/wp-json\/wp\/v2\/product\/4469\/revisions\/5351"}],"wp:featuredmedia":[{"embeddable":true,"href":"https:\/\/galerietraditions.com\/fr\/wp-json\/wp\/v2\/media\/4891"}],"wp:attachment":[{"href":"https:\/\/galerietraditions.com\/fr\/wp-json\/wp\/v2\/media?parent=4469"}],"wp:term":[{"taxonomy":"product_brand","embeddable":true,"href":"https:\/\/galerietraditions.com\/fr\/wp-json\/wp\/v2\/product_brand?post=4469"},{"taxonomy":"product_cat","embeddable":true,"href":"https:\/\/galerietraditions.com\/fr\/wp-json\/wp\/v2\/product_cat?post=4469"},{"taxonomy":"product_tag","embeddable":true,"href":"https:\/\/galerietraditions.com\/fr\/wp-json\/wp\/v2\/product_tag?post=4469"}],"curies":[{"name":"wp","href":"https:\/\/api.w.org\/{rel}","templated":true}]}}