{"id":4505,"date":"2025-09-30T12:16:00","date_gmt":"2025-09-30T12:16:00","guid":{"rendered":"https:\/\/lightslategray-yak-893060.hostingersite.com\/?post_type=product&#038;p=4505"},"modified":"2025-11-01T18:48:21","modified_gmt":"2025-11-01T18:48:21","slug":"masque-baoule-avec-un-singe-centre-de-la-ci","status":"publish","type":"product","link":"https:\/\/galerietraditions.com\/fr\/produit\/masque-baoule-avec-un-singe-centre-de-la-ci\/","title":{"rendered":"Masque baoul\u00e9 avec un singe (Centre de la CI)"},"content":{"rendered":"<p>Ce masque symbolise l\u2019intelligence et l\u2019agilit\u00e9 intellectuelle. Le singe est un interm\u00e9diaire avec l\u2019esprit de Dieu pour se prot\u00e9ger des esprits malveillants (protection des humains et de l\u2019agriculture). Le masque a un visage f\u00e9minin aux traits arrondis. Il est d\u00e9cor\u00e9 sur le pourtour d\u2019une bande stri\u00e9e formant des triangles, symbole des rayons de la lune et du soleil. Le visage est orn\u00e9 de scarifications typiques de l\u2019ethnie baoul\u00e9.<\/p>","protected":false},"excerpt":{"rendered":"<p>Ce masque symbolise l\u2019intelligence et l\u2019agilit\u00e9 intellectuelle. Le singe est un interm\u00e9diaire avec l\u2019esprit de Dieu pour se prot\u00e9ger des esprits malveillants (protection des humains et de l\u2019agriculture). Le masque a un visage f\u00e9minin aux traits arrondis. Il est d\u00e9cor\u00e9 sur le pourtour d\u2019une bande stri\u00e9e formant des triangles, symbole des rayons de la lune et du soleil. Le visage est orn\u00e9 de scarifications typiques de l\u2019ethnie baoul\u00e9.<\/p>","protected":false},"featured_media":4889,"comment_status":"open","ping_status":"closed","template":"","meta":[],"product_brand":[],"product_cat":[103],"product_tag":[66,44,68,67],"class_list":{"0":"post-4505","1":"product","2":"type-product","3":"status-publish","4":"has-post-thumbnail","6":"product_cat-masques","7":"product_tag-embroidery","8":"product_tag-kitchen","9":"product_tag-ornament","10":"product_tag-tools","11":"product_shipping_class-fragile","13":"first","14":"instock","15":"shipping-taxable","16":"purchasable","17":"product-type-simple"},"_links":{"self":[{"href":"https:\/\/galerietraditions.com\/fr\/wp-json\/wp\/v2\/product\/4505","targetHints":{"allow":["GET"]}}],"collection":[{"href":"https:\/\/galerietraditions.com\/fr\/wp-json\/wp\/v2\/product"}],"about":[{"href":"https:\/\/galerietraditions.com\/fr\/wp-json\/wp\/v2\/types\/product"}],"replies":[{"embeddable":true,"href":"https:\/\/galerietraditions.com\/fr\/wp-json\/wp\/v2\/comments?post=4505"}],"version-history":[{"count":2,"href":"https:\/\/galerietraditions.com\/fr\/wp-json\/wp\/v2\/product\/4505\/revisions"}],"predecessor-version":[{"id":5353,"href":"https:\/\/galerietraditions.com\/fr\/wp-json\/wp\/v2\/product\/4505\/revisions\/5353"}],"wp:featuredmedia":[{"embeddable":true,"href":"https:\/\/galerietraditions.com\/fr\/wp-json\/wp\/v2\/media\/4889"}],"wp:attachment":[{"href":"https:\/\/galerietraditions.com\/fr\/wp-json\/wp\/v2\/media?parent=4505"}],"wp:term":[{"taxonomy":"product_brand","embeddable":true,"href":"https:\/\/galerietraditions.com\/fr\/wp-json\/wp\/v2\/product_brand?post=4505"},{"taxonomy":"product_cat","embeddable":true,"href":"https:\/\/galerietraditions.com\/fr\/wp-json\/wp\/v2\/product_cat?post=4505"},{"taxonomy":"product_tag","embeddable":true,"href":"https:\/\/galerietraditions.com\/fr\/wp-json\/wp\/v2\/product_tag?post=4505"}],"curies":[{"name":"wp","href":"https:\/\/api.w.org\/{rel}","templated":true}]}}