{"id":4523,"date":"2025-09-30T12:16:41","date_gmt":"2025-09-30T12:16:41","guid":{"rendered":"https:\/\/lightslategray-yak-893060.hostingersite.com\/?post_type=product&#038;p=4523"},"modified":"2025-11-01T18:48:53","modified_gmt":"2025-11-01T18:48:53","slug":"masque-bete-guere-ouest-de-la-cote-divoire","status":"publish","type":"product","link":"https:\/\/galerietraditions.com\/fr\/produit\/masque-bete-guere-ouest-de-la-cote-divoire\/","title":{"rendered":"Masque b\u00e9t\u00e9\/gu\u00e9r\u00e9 (Ouest de la C\u00f4te d\u2019Ivoire)"},"content":{"rendered":"<p>Les masques b\u00e9t\u00e9, tr\u00e8s impressionnants sont utilis\u00e9s lors des rites fun\u00e9raires, de la lev\u00e9e du deuil ou en l\u2019honneur d\u2019une personnalit\u00e9. Les reliefs sont particuli\u00e8rement accentu\u00e9s dans ces masques qui avaient pour but \u00e0 l\u2019origine d\u2019inspirer la peur et le respect. Le masque B\u00e9t\u00e9 est une figure artistique et culturelle originaire du groupe ethnique b\u00e9t\u00e9 localis\u00e9 au Centre-ouest de C\u00f4te d\u2019Ivoire. Les b\u00e9t\u00e9s font partie du groupe krou. Le masque, appel\u00e9 Gl\u00e8 en b\u00e9t\u00e9 vient du mot Gla de l\u2019ethnie Gu\u00e9r\u00e9. Il a subi des transformations tout au long de son parcours.<\/p>","protected":false},"excerpt":{"rendered":"<p>Les masques b\u00e9t\u00e9, tr\u00e8s impressionnants sont utilis\u00e9s lors des rites fun\u00e9raires, de la lev\u00e9e du deuil ou en l\u2019honneur d\u2019une personnalit\u00e9. Les reliefs sont particuli\u00e8rement accentu\u00e9s dans ces masques qui avaient pour but \u00e0 l\u2019origine d\u2019inspirer la peur et le respect. Le masque B\u00e9t\u00e9 est une figure artistique et culturelle originaire du groupe ethnique b\u00e9t\u00e9 localis\u00e9 au Centre-ouest de C\u00f4te d\u2019Ivoire. Les b\u00e9t\u00e9s font partie du groupe krou. Le masque, appel\u00e9 Gl\u00e8 en b\u00e9t\u00e9 vient du mot Gla de l\u2019ethnie Gu\u00e9r\u00e9. Il a subi des transformations tout au long de son parcours.<\/p>","protected":false},"featured_media":4892,"comment_status":"open","ping_status":"closed","template":"","meta":[],"product_brand":[],"product_cat":[103],"product_tag":[66,44,68,67],"class_list":{"0":"post-4523","1":"product","2":"type-product","3":"status-publish","4":"has-post-thumbnail","6":"product_cat-masques","7":"product_tag-embroidery","8":"product_tag-kitchen","9":"product_tag-ornament","10":"product_tag-tools","11":"product_shipping_class-fragile","13":"first","14":"instock","15":"shipping-taxable","16":"purchasable","17":"product-type-simple"},"_links":{"self":[{"href":"https:\/\/galerietraditions.com\/fr\/wp-json\/wp\/v2\/product\/4523","targetHints":{"allow":["GET"]}}],"collection":[{"href":"https:\/\/galerietraditions.com\/fr\/wp-json\/wp\/v2\/product"}],"about":[{"href":"https:\/\/galerietraditions.com\/fr\/wp-json\/wp\/v2\/types\/product"}],"replies":[{"embeddable":true,"href":"https:\/\/galerietraditions.com\/fr\/wp-json\/wp\/v2\/comments?post=4523"}],"version-history":[{"count":2,"href":"https:\/\/galerietraditions.com\/fr\/wp-json\/wp\/v2\/product\/4523\/revisions"}],"predecessor-version":[{"id":5354,"href":"https:\/\/galerietraditions.com\/fr\/wp-json\/wp\/v2\/product\/4523\/revisions\/5354"}],"wp:featuredmedia":[{"embeddable":true,"href":"https:\/\/galerietraditions.com\/fr\/wp-json\/wp\/v2\/media\/4892"}],"wp:attachment":[{"href":"https:\/\/galerietraditions.com\/fr\/wp-json\/wp\/v2\/media?parent=4523"}],"wp:term":[{"taxonomy":"product_brand","embeddable":true,"href":"https:\/\/galerietraditions.com\/fr\/wp-json\/wp\/v2\/product_brand?post=4523"},{"taxonomy":"product_cat","embeddable":true,"href":"https:\/\/galerietraditions.com\/fr\/wp-json\/wp\/v2\/product_cat?post=4523"},{"taxonomy":"product_tag","embeddable":true,"href":"https:\/\/galerietraditions.com\/fr\/wp-json\/wp\/v2\/product_tag?post=4523"}],"curies":[{"name":"wp","href":"https:\/\/api.w.org\/{rel}","templated":true}]}}