{"id":4541,"date":"2025-09-30T12:17:24","date_gmt":"2025-09-30T12:17:24","guid":{"rendered":"https:\/\/lightslategray-yak-893060.hostingersite.com\/?post_type=product&#038;p=4541"},"modified":"2025-11-01T18:49:23","modified_gmt":"2025-11-01T18:49:23","slug":"buste-fertilite-femme-baoule-centre-de-la-ci","status":"publish","type":"product","link":"https:\/\/galerietraditions.com\/fr\/produit\/buste-fertilite-femme-baoule-centre-de-la-ci\/","title":{"rendered":"Buste fertilit\u00e9 femme baoul\u00e9 Centre de la CI"},"content":{"rendered":"<p>Masque ventral Makond\u00e9, ethnie du Mozambique et de Tanzanie en bois dur et enveloppe fine en patine brun fonc\u00e9 et lisse. Ce Masque appel\u00e9 &#8216;ndimu&#8221; \u00e9voquant le ventre d&#8217;une femme enceinte \u00e9tait port\u00e9 sur le ventre de danseurs homme, mimant les phases et douleurs de l&#8217;accouchement lors de c\u00e9r\u00e9monies d&#8217;initiation des filles et gar\u00e7ons &#8220;l&#8217;unyago&#8221;, qui permettait le passage au stade adulte. Sur chaque masque, des scarifications sont sculpt\u00e9es sur la poitrine et entre le nombril.<\/p>","protected":false},"excerpt":{"rendered":"<p>Masque ventral Makond\u00e9, ethnie du Mozambique et de Tanzanie en bois dur et enveloppe fine en patine brun fonc\u00e9 et lisse. Ce Masque appel\u00e9 &#8216;ndimu&#8221; \u00e9voquant le ventre d&#8217;une femme enceinte \u00e9tait port\u00e9 sur le ventre de danseurs homme, mimant les phases et douleurs de l&#8217;accouchement lors de c\u00e9r\u00e9monies d&#8217;initiation des filles et gar\u00e7ons &#8220;l&#8217;unyago&#8221;, qui permettait le passage au stade adulte. Sur chaque masque, des scarifications sont sculpt\u00e9es sur la poitrine et entre le nombril.<\/p>","protected":false},"featured_media":4883,"comment_status":"open","ping_status":"closed","template":"","meta":[],"product_brand":[],"product_cat":[103],"product_tag":[66,44,68,67],"class_list":{"0":"post-4541","1":"product","2":"type-product","3":"status-publish","4":"has-post-thumbnail","6":"product_cat-masques","7":"product_tag-embroidery","8":"product_tag-kitchen","9":"product_tag-ornament","10":"product_tag-tools","11":"product_shipping_class-fragile","13":"first","14":"instock","15":"shipping-taxable","16":"purchasable","17":"product-type-simple"},"_links":{"self":[{"href":"https:\/\/galerietraditions.com\/fr\/wp-json\/wp\/v2\/product\/4541","targetHints":{"allow":["GET"]}}],"collection":[{"href":"https:\/\/galerietraditions.com\/fr\/wp-json\/wp\/v2\/product"}],"about":[{"href":"https:\/\/galerietraditions.com\/fr\/wp-json\/wp\/v2\/types\/product"}],"replies":[{"embeddable":true,"href":"https:\/\/galerietraditions.com\/fr\/wp-json\/wp\/v2\/comments?post=4541"}],"version-history":[{"count":2,"href":"https:\/\/galerietraditions.com\/fr\/wp-json\/wp\/v2\/product\/4541\/revisions"}],"predecessor-version":[{"id":5355,"href":"https:\/\/galerietraditions.com\/fr\/wp-json\/wp\/v2\/product\/4541\/revisions\/5355"}],"wp:featuredmedia":[{"embeddable":true,"href":"https:\/\/galerietraditions.com\/fr\/wp-json\/wp\/v2\/media\/4883"}],"wp:attachment":[{"href":"https:\/\/galerietraditions.com\/fr\/wp-json\/wp\/v2\/media?parent=4541"}],"wp:term":[{"taxonomy":"product_brand","embeddable":true,"href":"https:\/\/galerietraditions.com\/fr\/wp-json\/wp\/v2\/product_brand?post=4541"},{"taxonomy":"product_cat","embeddable":true,"href":"https:\/\/galerietraditions.com\/fr\/wp-json\/wp\/v2\/product_cat?post=4541"},{"taxonomy":"product_tag","embeddable":true,"href":"https:\/\/galerietraditions.com\/fr\/wp-json\/wp\/v2\/product_tag?post=4541"}],"curies":[{"name":"wp","href":"https:\/\/api.w.org\/{rel}","templated":true}]}}