{"id":4559,"date":"2025-09-30T12:21:16","date_gmt":"2025-09-30T12:21:16","guid":{"rendered":"https:\/\/lightslategray-yak-893060.hostingersite.com\/?post_type=product&#038;p=4559"},"modified":"2025-11-01T18:49:58","modified_gmt":"2025-11-01T18:49:58","slug":"masque-yohoure-centre-de-la-cote-divoire","status":"publish","type":"product","link":"https:\/\/galerietraditions.com\/fr\/produit\/masque-yohoure-centre-de-la-cote-divoire\/","title":{"rendered":"Masque yohour\u00e8 (Centre de la C\u00f4te d\u2019Ivoire)"},"content":{"rendered":"<p>Ce masque f\u00e9minin est un exemple du style naturaliste des Yaour\u00e9, avec un visage et un nez long, une petite bouche et une coiffure. Ce masque \u00e9voque une femme ais\u00e9e ou l\u2019\u00e9pouse d\u2019un homme riche. Le peigne l\u2019emp\u00eachant de porter des fardeaux sur sa t\u00eate. Il est en bois avec des pigments noirs.<\/p>","protected":false},"excerpt":{"rendered":"<p>Ce masque f\u00e9minin est un exemple du style naturaliste des Yaour\u00e9, avec un visage et un nez long, une petite bouche et une coiffure. Ce masque \u00e9voque une femme ais\u00e9e ou l\u2019\u00e9pouse d\u2019un homme riche. Le peigne l\u2019emp\u00eachant de porter des fardeaux sur sa t\u00eate. Il est en bois avec des pigments noirs.<\/p>","protected":false},"featured_media":4871,"comment_status":"open","ping_status":"closed","template":"","meta":[],"product_brand":[],"product_cat":[103],"product_tag":[66,44,68,67],"class_list":{"0":"post-4559","1":"product","2":"type-product","3":"status-publish","4":"has-post-thumbnail","6":"product_cat-masques","7":"product_tag-embroidery","8":"product_tag-kitchen","9":"product_tag-ornament","10":"product_tag-tools","11":"product_shipping_class-fragile","13":"first","14":"instock","15":"shipping-taxable","16":"purchasable","17":"product-type-simple"},"_links":{"self":[{"href":"https:\/\/galerietraditions.com\/fr\/wp-json\/wp\/v2\/product\/4559","targetHints":{"allow":["GET"]}}],"collection":[{"href":"https:\/\/galerietraditions.com\/fr\/wp-json\/wp\/v2\/product"}],"about":[{"href":"https:\/\/galerietraditions.com\/fr\/wp-json\/wp\/v2\/types\/product"}],"replies":[{"embeddable":true,"href":"https:\/\/galerietraditions.com\/fr\/wp-json\/wp\/v2\/comments?post=4559"}],"version-history":[{"count":2,"href":"https:\/\/galerietraditions.com\/fr\/wp-json\/wp\/v2\/product\/4559\/revisions"}],"predecessor-version":[{"id":5356,"href":"https:\/\/galerietraditions.com\/fr\/wp-json\/wp\/v2\/product\/4559\/revisions\/5356"}],"wp:featuredmedia":[{"embeddable":true,"href":"https:\/\/galerietraditions.com\/fr\/wp-json\/wp\/v2\/media\/4871"}],"wp:attachment":[{"href":"https:\/\/galerietraditions.com\/fr\/wp-json\/wp\/v2\/media?parent=4559"}],"wp:term":[{"taxonomy":"product_brand","embeddable":true,"href":"https:\/\/galerietraditions.com\/fr\/wp-json\/wp\/v2\/product_brand?post=4559"},{"taxonomy":"product_cat","embeddable":true,"href":"https:\/\/galerietraditions.com\/fr\/wp-json\/wp\/v2\/product_cat?post=4559"},{"taxonomy":"product_tag","embeddable":true,"href":"https:\/\/galerietraditions.com\/fr\/wp-json\/wp\/v2\/product_tag?post=4559"}],"curies":[{"name":"wp","href":"https:\/\/api.w.org\/{rel}","templated":true}]}}