{"id":4577,"date":"2025-09-30T12:22:59","date_gmt":"2025-09-30T12:22:59","guid":{"rendered":"https:\/\/lightslategray-yak-893060.hostingersite.com\/?post_type=product&#038;p=4577"},"modified":"2025-11-01T18:50:40","modified_gmt":"2025-11-01T18:50:40","slug":"passeport-senoufo-nord-de-la-cote-divoire","status":"publish","type":"product","link":"https:\/\/galerietraditions.com\/fr\/produit\/passeport-senoufo-nord-de-la-cote-divoire\/","title":{"rendered":"Passeport s\u00e9noufo (Nord de la C\u00f4te d\u2019Ivoire)"},"content":{"rendered":"<p>Les masques passeports furent utilis\u00e9s par les populations d\u2019Afrique avant l\u2019arriv\u00e9e des Europ\u00e9ens sur le continent africain. Ils servaient de carte d\u2019identit\u00e9 et de passeport pour se d\u00e9placer \u00e0 l\u2019int\u00e9rieur du territoire.<\/p>\n<p>Utilis\u00e9s autrefois par les voyageurs comme moyen de communication avec les peuples locaux, ces masques servaient \u00e0 se faire accepter et \u00e0 prouver son identit\u00e9. Ils permettaient \u00e9galement de conna\u00eetre la position sociale de chaque individu dans le village ou la tribu. Ils \u00e9taient utilis\u00e9s pour distinguer les corps de m\u00e9tier. Les personnes poss\u00e9dant les masques passeports \u00e0 couleur uniforme \u00e9taient consid\u00e9r\u00e9es comme des conseillers ou des ma\u00eetres.<\/p>\n<p>Ces masques passeport africains sont donc devenus aujourd\u2019hui un symbole incontournable de l&#8217;Afrique et de son h\u00e9ritage culturel.<\/p>","protected":false},"excerpt":{"rendered":"<p>Les masques passeports furent utilis\u00e9s par les populations d\u2019Afrique avant l\u2019arriv\u00e9e des Europ\u00e9ens sur le continent africain. Ils servaient de carte d\u2019identit\u00e9 et de passeport pour se d\u00e9placer \u00e0 l\u2019int\u00e9rieur du territoire.<\/p>","protected":false},"featured_media":4872,"comment_status":"open","ping_status":"closed","template":"","meta":[],"product_brand":[],"product_cat":[103],"product_tag":[66,44,68,67],"class_list":{"0":"post-4577","1":"product","2":"type-product","3":"status-publish","4":"has-post-thumbnail","6":"product_cat-masques","7":"product_tag-embroidery","8":"product_tag-kitchen","9":"product_tag-ornament","10":"product_tag-tools","11":"product_shipping_class-fragile","13":"first","14":"instock","15":"shipping-taxable","16":"purchasable","17":"product-type-simple"},"_links":{"self":[{"href":"https:\/\/galerietraditions.com\/fr\/wp-json\/wp\/v2\/product\/4577","targetHints":{"allow":["GET"]}}],"collection":[{"href":"https:\/\/galerietraditions.com\/fr\/wp-json\/wp\/v2\/product"}],"about":[{"href":"https:\/\/galerietraditions.com\/fr\/wp-json\/wp\/v2\/types\/product"}],"replies":[{"embeddable":true,"href":"https:\/\/galerietraditions.com\/fr\/wp-json\/wp\/v2\/comments?post=4577"}],"version-history":[{"count":2,"href":"https:\/\/galerietraditions.com\/fr\/wp-json\/wp\/v2\/product\/4577\/revisions"}],"predecessor-version":[{"id":5357,"href":"https:\/\/galerietraditions.com\/fr\/wp-json\/wp\/v2\/product\/4577\/revisions\/5357"}],"wp:featuredmedia":[{"embeddable":true,"href":"https:\/\/galerietraditions.com\/fr\/wp-json\/wp\/v2\/media\/4872"}],"wp:attachment":[{"href":"https:\/\/galerietraditions.com\/fr\/wp-json\/wp\/v2\/media?parent=4577"}],"wp:term":[{"taxonomy":"product_brand","embeddable":true,"href":"https:\/\/galerietraditions.com\/fr\/wp-json\/wp\/v2\/product_brand?post=4577"},{"taxonomy":"product_cat","embeddable":true,"href":"https:\/\/galerietraditions.com\/fr\/wp-json\/wp\/v2\/product_cat?post=4577"},{"taxonomy":"product_tag","embeddable":true,"href":"https:\/\/galerietraditions.com\/fr\/wp-json\/wp\/v2\/product_tag?post=4577"}],"curies":[{"name":"wp","href":"https:\/\/api.w.org\/{rel}","templated":true}]}}