{"id":4595,"date":"2025-09-30T12:32:59","date_gmt":"2025-09-30T12:32:59","guid":{"rendered":"https:\/\/lightslategray-yak-893060.hostingersite.com\/?post_type=product&#038;p=4595"},"modified":"2025-11-01T18:51:36","modified_gmt":"2025-11-01T18:51:36","slug":"masque-djimini-avec-trompe-centre-de-la-ci","status":"publish","type":"product","link":"https:\/\/galerietraditions.com\/fr\/produit\/masque-djimini-avec-trompe-centre-de-la-ci\/","title":{"rendered":"Masque Djimini avec trompe (Centre de la CI)"},"content":{"rendered":"<p>\u00c9tablis en C\u00f4te d\u2019Ivoire, les Djimini et les Ligbi, islamis\u00e9s ont subi l\u2019influence des s\u00e9noufos. Ils en ont emprunt\u00e9 des \u00e9l\u00e9ments qu\u2019ils ont int\u00e9gr\u00e9s dans les masques li\u00e9s \u00e0 la soci\u00e9t\u00e9 du \u00ab do\u00bb. Juste avant les festivit\u00e9s de fin du Ramadan, si n\u00e9cessaire, le masque sera repeint et enduit du koro, compos\u00e9 d\u2019un feuillage brul\u00e9 dont les cendres sont m\u00eal\u00e9es \u00e0 de l\u2019huile de palme, de l\u2019argile rouge ou blanche, du henn\u00e9 et une poudre \u00e0 base de noix de cola. Cette mixture permettra de relever les scarifications, les traits du visage et la coiffure. Un visage ovo\u00efde d\u00e9pourvu de nez, aux yeux et \u00e0 la bouche juste incis\u00e9s est encadr\u00e9 d\u2019une corne au sommet de laquelle un oiseau vient s\u2019appuyer. Ce masque ancien est en patine lisse et satin\u00e9e brune.<\/p>","protected":false},"excerpt":{"rendered":"<p>\u00c9tablis en C\u00f4te d\u2019Ivoire, les Djimini et les Ligbi, islamis\u00e9s ont subi l\u2019influence des s\u00e9noufos. Ils en ont emprunt\u00e9 des \u00e9l\u00e9ments qu\u2019ils ont int\u00e9gr\u00e9s dans les masques li\u00e9s \u00e0 la soci\u00e9t\u00e9 du \u00ab do\u00bb. Juste avant les festivit\u00e9s de fin du Ramadan, si n\u00e9cessaire, le masque sera repeint et enduit du koro, compos\u00e9 d\u2019un feuillage brul\u00e9 dont les cendres sont m\u00eal\u00e9es \u00e0 de l\u2019huile de palme, de l\u2019argile rouge ou blanche, du henn\u00e9 et une poudre \u00e0 base de noix de cola. Cette mixture permettra de relever les scarifications, les traits du visage et la coiffure. Un visage ovo\u00efde d\u00e9pourvu de nez, aux yeux et \u00e0 la bouche juste incis\u00e9s est encadr\u00e9 d\u2019une corne au sommet de laquelle un oiseau vient s\u2019appuyer. Ce masque ancien est en patine lisse et satin\u00e9e brune.<\/p>","protected":false},"featured_media":4898,"comment_status":"open","ping_status":"closed","template":"","meta":[],"product_brand":[],"product_cat":[103],"product_tag":[66,44,68,67],"class_list":{"0":"post-4595","1":"product","2":"type-product","3":"status-publish","4":"has-post-thumbnail","6":"product_cat-masques","7":"product_tag-embroidery","8":"product_tag-kitchen","9":"product_tag-ornament","10":"product_tag-tools","11":"product_shipping_class-fragile","13":"first","14":"instock","15":"shipping-taxable","16":"purchasable","17":"product-type-simple"},"_links":{"self":[{"href":"https:\/\/galerietraditions.com\/fr\/wp-json\/wp\/v2\/product\/4595","targetHints":{"allow":["GET"]}}],"collection":[{"href":"https:\/\/galerietraditions.com\/fr\/wp-json\/wp\/v2\/product"}],"about":[{"href":"https:\/\/galerietraditions.com\/fr\/wp-json\/wp\/v2\/types\/product"}],"replies":[{"embeddable":true,"href":"https:\/\/galerietraditions.com\/fr\/wp-json\/wp\/v2\/comments?post=4595"}],"version-history":[{"count":3,"href":"https:\/\/galerietraditions.com\/fr\/wp-json\/wp\/v2\/product\/4595\/revisions"}],"predecessor-version":[{"id":5359,"href":"https:\/\/galerietraditions.com\/fr\/wp-json\/wp\/v2\/product\/4595\/revisions\/5359"}],"wp:featuredmedia":[{"embeddable":true,"href":"https:\/\/galerietraditions.com\/fr\/wp-json\/wp\/v2\/media\/4898"}],"wp:attachment":[{"href":"https:\/\/galerietraditions.com\/fr\/wp-json\/wp\/v2\/media?parent=4595"}],"wp:term":[{"taxonomy":"product_brand","embeddable":true,"href":"https:\/\/galerietraditions.com\/fr\/wp-json\/wp\/v2\/product_brand?post=4595"},{"taxonomy":"product_cat","embeddable":true,"href":"https:\/\/galerietraditions.com\/fr\/wp-json\/wp\/v2\/product_cat?post=4595"},{"taxonomy":"product_tag","embeddable":true,"href":"https:\/\/galerietraditions.com\/fr\/wp-json\/wp\/v2\/product_tag?post=4595"}],"curies":[{"name":"wp","href":"https:\/\/api.w.org\/{rel}","templated":true}]}}