{"id":4613,"date":"2025-09-30T12:34:37","date_gmt":"2025-09-30T12:34:37","guid":{"rendered":"https:\/\/lightslategray-yak-893060.hostingersite.com\/?post_type=product&#038;p=4613"},"modified":"2025-11-01T18:52:33","modified_gmt":"2025-11-01T18:52:33","slug":"masque-baoule-centre-de-la-cote-divoire-2","status":"publish","type":"product","link":"https:\/\/galerietraditions.com\/fr\/produit\/masque-baoule-centre-de-la-cote-divoire-2\/","title":{"rendered":"Masque baoul\u00e9 (Centre de la C\u00f4te d\u2019Ivoire)"},"content":{"rendered":"<p>Ce masque Baoul\u00e9 du centre de la C\u00f4te d&#8217;Ivoire est remarquable par sa qualit\u00e9 sculpturale. Au centre du visage de ce masque, l\u2019arcade sourciller est marqu\u00e9 par une longue ar\u00eate nasale surmontant une bouche \u00e9vid\u00e9e semblant \u00e9mettre un souffle. Sa coiffe est finement stri\u00e9e et son visage pr\u00e9sente des scarifications. Ce masque repr\u00e9sente un personnage id\u00e9alis\u00e9. Il se manifeste \u00e0 la fin des c\u00e9r\u00e9monies de danses de divertissement. Il personnifie \u00e9galement de gracieuses jeunes filles ou des hommes vaillants et int\u00e8gres. Ce masque ancien est en patine claire polie.<\/p>","protected":false},"excerpt":{"rendered":"<p>Ce masque Baoul\u00e9 du centre de la C\u00f4te d&#8217;Ivoire est remarquable par sa qualit\u00e9 sculpturale. Au centre du visage de ce masque, l\u2019arcade sourciller est marqu\u00e9 par une longue ar\u00eate nasale surmontant une bouche \u00e9vid\u00e9e semblant \u00e9mettre un souffle. Sa coiffe est finement stri\u00e9e et son visage pr\u00e9sente des scarifications. Ce masque repr\u00e9sente un personnage id\u00e9alis\u00e9. Il se manifeste \u00e0 la fin des c\u00e9r\u00e9monies de danses de divertissement. Il personnifie \u00e9galement de gracieuses jeunes filles ou des hommes vaillants et int\u00e8gres. Ce masque ancien est en patine claire polie.<\/p>","protected":false},"featured_media":4887,"comment_status":"open","ping_status":"closed","template":"","meta":[],"product_brand":[],"product_cat":[103],"product_tag":[66,44,68,67],"class_list":{"0":"post-4613","1":"product","2":"type-product","3":"status-publish","4":"has-post-thumbnail","6":"product_cat-masques","7":"product_tag-embroidery","8":"product_tag-kitchen","9":"product_tag-ornament","10":"product_tag-tools","11":"product_shipping_class-fragile","13":"first","14":"instock","15":"shipping-taxable","16":"purchasable","17":"product-type-simple"},"_links":{"self":[{"href":"https:\/\/galerietraditions.com\/fr\/wp-json\/wp\/v2\/product\/4613","targetHints":{"allow":["GET"]}}],"collection":[{"href":"https:\/\/galerietraditions.com\/fr\/wp-json\/wp\/v2\/product"}],"about":[{"href":"https:\/\/galerietraditions.com\/fr\/wp-json\/wp\/v2\/types\/product"}],"replies":[{"embeddable":true,"href":"https:\/\/galerietraditions.com\/fr\/wp-json\/wp\/v2\/comments?post=4613"}],"version-history":[{"count":2,"href":"https:\/\/galerietraditions.com\/fr\/wp-json\/wp\/v2\/product\/4613\/revisions"}],"predecessor-version":[{"id":5360,"href":"https:\/\/galerietraditions.com\/fr\/wp-json\/wp\/v2\/product\/4613\/revisions\/5360"}],"wp:featuredmedia":[{"embeddable":true,"href":"https:\/\/galerietraditions.com\/fr\/wp-json\/wp\/v2\/media\/4887"}],"wp:attachment":[{"href":"https:\/\/galerietraditions.com\/fr\/wp-json\/wp\/v2\/media?parent=4613"}],"wp:term":[{"taxonomy":"product_brand","embeddable":true,"href":"https:\/\/galerietraditions.com\/fr\/wp-json\/wp\/v2\/product_brand?post=4613"},{"taxonomy":"product_cat","embeddable":true,"href":"https:\/\/galerietraditions.com\/fr\/wp-json\/wp\/v2\/product_cat?post=4613"},{"taxonomy":"product_tag","embeddable":true,"href":"https:\/\/galerietraditions.com\/fr\/wp-json\/wp\/v2\/product_tag?post=4613"}],"curies":[{"name":"wp","href":"https:\/\/api.w.org\/{rel}","templated":true}]}}