{"id":4667,"date":"2025-09-30T12:37:15","date_gmt":"2025-09-30T12:37:15","guid":{"rendered":"https:\/\/lightslategray-yak-893060.hostingersite.com\/?post_type=product&#038;p=4667"},"modified":"2025-11-01T18:55:22","modified_gmt":"2025-11-01T18:55:22","slug":"masque-yohoure-centre-de-la-cote-divoire-2","status":"publish","type":"product","link":"https:\/\/galerietraditions.com\/fr\/produit\/masque-yohoure-centre-de-la-cote-divoire-2\/","title":{"rendered":"Masque Yohour\u00e8 (Centre de la C\u00f4te d\u2019ivoire)"},"content":{"rendered":"<p>Les masques yaour\u00e8 kpan les plus repr\u00e9sent\u00e9s sont des masques de famille qui sont les repr\u00e9sentations d\u2019un visage, homme adulte ou vieillard (Kpan) femme adulte (Ndoma). Les traits de ce masque sont fins et quelque peu g\u00e9om\u00e9trique. La patine de la face est lustr\u00e9e. La coiffe a \u00e9t\u00e9 travaill\u00e9e en plusieurs lobes. Des scarifications sur le front et les joues.<\/p>","protected":false},"excerpt":{"rendered":"<p>Les masques yaour\u00e8 kpan les plus repr\u00e9sent\u00e9s sont des masques de famille qui sont les repr\u00e9sentations d\u2019un visage, homme adulte ou vieillard (Kpan) femme adulte (Ndoma). Les traits de ce masque sont fins et quelque peu g\u00e9om\u00e9trique. La patine de la face est lustr\u00e9e. La coiffe a \u00e9t\u00e9 travaill\u00e9e en plusieurs lobes. Des scarifications sur le front et les joues.<\/p>","protected":false},"featured_media":4870,"comment_status":"open","ping_status":"closed","template":"","meta":[],"product_brand":[],"product_cat":[103],"product_tag":[66,44,68,67],"class_list":{"0":"post-4667","1":"product","2":"type-product","3":"status-publish","4":"has-post-thumbnail","6":"product_cat-masques","7":"product_tag-embroidery","8":"product_tag-kitchen","9":"product_tag-ornament","10":"product_tag-tools","11":"product_shipping_class-fragile","13":"first","14":"instock","15":"shipping-taxable","16":"purchasable","17":"product-type-simple"},"_links":{"self":[{"href":"https:\/\/galerietraditions.com\/fr\/wp-json\/wp\/v2\/product\/4667","targetHints":{"allow":["GET"]}}],"collection":[{"href":"https:\/\/galerietraditions.com\/fr\/wp-json\/wp\/v2\/product"}],"about":[{"href":"https:\/\/galerietraditions.com\/fr\/wp-json\/wp\/v2\/types\/product"}],"replies":[{"embeddable":true,"href":"https:\/\/galerietraditions.com\/fr\/wp-json\/wp\/v2\/comments?post=4667"}],"version-history":[{"count":2,"href":"https:\/\/galerietraditions.com\/fr\/wp-json\/wp\/v2\/product\/4667\/revisions"}],"predecessor-version":[{"id":5363,"href":"https:\/\/galerietraditions.com\/fr\/wp-json\/wp\/v2\/product\/4667\/revisions\/5363"}],"wp:featuredmedia":[{"embeddable":true,"href":"https:\/\/galerietraditions.com\/fr\/wp-json\/wp\/v2\/media\/4870"}],"wp:attachment":[{"href":"https:\/\/galerietraditions.com\/fr\/wp-json\/wp\/v2\/media?parent=4667"}],"wp:term":[{"taxonomy":"product_brand","embeddable":true,"href":"https:\/\/galerietraditions.com\/fr\/wp-json\/wp\/v2\/product_brand?post=4667"},{"taxonomy":"product_cat","embeddable":true,"href":"https:\/\/galerietraditions.com\/fr\/wp-json\/wp\/v2\/product_cat?post=4667"},{"taxonomy":"product_tag","embeddable":true,"href":"https:\/\/galerietraditions.com\/fr\/wp-json\/wp\/v2\/product_tag?post=4667"}],"curies":[{"name":"wp","href":"https:\/\/api.w.org\/{rel}","templated":true}]}}