{"id":4685,"date":"2025-09-30T12:38:29","date_gmt":"2025-09-30T12:38:29","guid":{"rendered":"https:\/\/lightslategray-yak-893060.hostingersite.com\/?post_type=product&#038;p=4685"},"modified":"2025-11-01T18:56:01","modified_gmt":"2025-11-01T18:56:01","slug":"masque-bambara-du-mali-afrique-de-louest","status":"publish","type":"product","link":"https:\/\/galerietraditions.com\/fr\/produit\/masque-bambara-du-mali-afrique-de-louest\/","title":{"rendered":"Masque Bambara du Mali (Afrique de l\u2019Ouest)"},"content":{"rendered":"<p>Masque bambara au visage allong\u00e9. Il est en bois peint de figures g\u00e9om\u00e9triques. En g\u00e9n\u00e9ral ces masques sont sculpt\u00e9s par des forgerons qui vivent en castes.<\/p>\n<p>L&#8217;ethnie Bambara ou Bamana est l&#8217;ethnie principale au Mali, elle se trouve essentiellement \u00e0 l&#8217;ouest du pays, autour de la capitale Bamako. Les masques, chez les bambaras, participent en g\u00e9n\u00e9ral aux c\u00e9r\u00e9monies li\u00e9es au Dieu Cr\u00e9ateur Faro, ce qui donne toutes les qualit\u00e9s aux hommes pour faire pousser les fruits de la terre.<\/p>","protected":false},"excerpt":{"rendered":"<p>Masque bambara au visage allong\u00e9. Il est en bois peint de figures g\u00e9om\u00e9triques. En g\u00e9n\u00e9ral ces masques sont sculpt\u00e9s par des forgerons qui vivent en castes.<\/p>\n<p>L&#8217;ethnie Bambara ou Bamana est l&#8217;ethnie principale au Mali, elle se trouve essentiellement \u00e0 l&#8217;ouest du pays, autour de la capitale Bamako. Les masques, chez les bambaras, participent en g\u00e9n\u00e9ral aux c\u00e9r\u00e9monies li\u00e9es au Dieu Cr\u00e9ateur Faro, ce qui donne toutes les qualit\u00e9s aux hommes pour faire pousser les fruits de la terre.<\/p>","protected":false},"featured_media":4885,"comment_status":"closed","ping_status":"closed","template":"","meta":[],"product_brand":[],"product_cat":[103],"product_tag":[66,44,68,67],"class_list":{"0":"post-4685","1":"product","2":"type-product","3":"status-publish","4":"has-post-thumbnail","6":"product_cat-masques","7":"product_tag-embroidery","8":"product_tag-kitchen","9":"product_tag-ornament","10":"product_tag-tools","11":"product_shipping_class-fragile","13":"first","14":"instock","15":"shipping-taxable","16":"purchasable","17":"product-type-simple"},"_links":{"self":[{"href":"https:\/\/galerietraditions.com\/fr\/wp-json\/wp\/v2\/product\/4685","targetHints":{"allow":["GET"]}}],"collection":[{"href":"https:\/\/galerietraditions.com\/fr\/wp-json\/wp\/v2\/product"}],"about":[{"href":"https:\/\/galerietraditions.com\/fr\/wp-json\/wp\/v2\/types\/product"}],"replies":[{"embeddable":true,"href":"https:\/\/galerietraditions.com\/fr\/wp-json\/wp\/v2\/comments?post=4685"}],"version-history":[{"count":3,"href":"https:\/\/galerietraditions.com\/fr\/wp-json\/wp\/v2\/product\/4685\/revisions"}],"predecessor-version":[{"id":5364,"href":"https:\/\/galerietraditions.com\/fr\/wp-json\/wp\/v2\/product\/4685\/revisions\/5364"}],"wp:featuredmedia":[{"embeddable":true,"href":"https:\/\/galerietraditions.com\/fr\/wp-json\/wp\/v2\/media\/4885"}],"wp:attachment":[{"href":"https:\/\/galerietraditions.com\/fr\/wp-json\/wp\/v2\/media?parent=4685"}],"wp:term":[{"taxonomy":"product_brand","embeddable":true,"href":"https:\/\/galerietraditions.com\/fr\/wp-json\/wp\/v2\/product_brand?post=4685"},{"taxonomy":"product_cat","embeddable":true,"href":"https:\/\/galerietraditions.com\/fr\/wp-json\/wp\/v2\/product_cat?post=4685"},{"taxonomy":"product_tag","embeddable":true,"href":"https:\/\/galerietraditions.com\/fr\/wp-json\/wp\/v2\/product_tag?post=4685"}],"curies":[{"name":"wp","href":"https:\/\/api.w.org\/{rel}","templated":true}]}}