{"id":4703,"date":"2025-09-30T12:41:48","date_gmt":"2025-09-30T12:41:48","guid":{"rendered":"https:\/\/lightslategray-yak-893060.hostingersite.com\/?post_type=product&#038;p=4703"},"modified":"2025-11-01T18:56:45","modified_gmt":"2025-11-01T18:56:45","slug":"masque-dan-avec-barbe-ouest-de-la-ci","status":"publish","type":"product","link":"https:\/\/galerietraditions.com\/fr\/produit\/masque-dan-avec-barbe-ouest-de-la-ci\/","title":{"rendered":"Masque Dan avec barbe (Ouest  de la CI)"},"content":{"rendered":"<p>Ce masque Dan de C\u00f4te d&#8217;Ivoire se caract\u00e9rise par une bouche sifflante, un nez pointu, deux grands yeux mi-clos, un large front avec une raie au milieu. Il est orn\u00e9 sur le visage de fibres naturelles formant une barbe. Dans la soci\u00e9t\u00e9 Dan, les esprits immat\u00e9riels de la for\u00eat sont traduits sous la forme de masques humains. Les pommettes triangulaires saillantes et les ouvertures triangulaires indiquent qu&#8217;il s&#8217;agit d&#8217;un masque Kagle. Les masques Kagle sont des<\/p>\n<p>\u00ab fauteurs de troubles \u00bb, destin\u00e9s \u00e0 perturber les festivit\u00e9s du village par leur comportement agressif. Destin\u00e9 \u00e0 symboliser la force brutale de la brousse et des cr\u00e9atures sauvages et non humaines, le \u00ab fauteur de troubles \u00bb est en fait un test de la solidit\u00e9 des institutions sociales. Sa performance perturbatrice remplit une fonction sociale en enseignant la valeur de l&#8217;ordre et de la discipline \u00e0 travers son exemple n\u00e9gatif. Qu\u2019elles soient port\u00e9es ou non, ces sculptures sont charg\u00e9es spirituellement.<\/p>","protected":false},"excerpt":{"rendered":"<p>Ce masque Dan de C\u00f4te d&#8217;Ivoire se caract\u00e9rise par une bouche sifflante, un nez pointu, deux grands yeux mi-clos, un large front avec une raie au milieu. Il est orn\u00e9 sur le visage de fibres naturelles formant une barbe.<\/p>","protected":false},"featured_media":4894,"comment_status":"closed","ping_status":"closed","template":"","meta":[],"product_brand":[],"product_cat":[103],"product_tag":[66,44,68,67],"class_list":{"0":"post-4703","1":"product","2":"type-product","3":"status-publish","4":"has-post-thumbnail","6":"product_cat-masques","7":"product_tag-embroidery","8":"product_tag-kitchen","9":"product_tag-ornament","10":"product_tag-tools","11":"product_shipping_class-fragile","13":"first","14":"instock","15":"shipping-taxable","16":"purchasable","17":"product-type-simple"},"_links":{"self":[{"href":"https:\/\/galerietraditions.com\/fr\/wp-json\/wp\/v2\/product\/4703","targetHints":{"allow":["GET"]}}],"collection":[{"href":"https:\/\/galerietraditions.com\/fr\/wp-json\/wp\/v2\/product"}],"about":[{"href":"https:\/\/galerietraditions.com\/fr\/wp-json\/wp\/v2\/types\/product"}],"replies":[{"embeddable":true,"href":"https:\/\/galerietraditions.com\/fr\/wp-json\/wp\/v2\/comments?post=4703"}],"version-history":[{"count":2,"href":"https:\/\/galerietraditions.com\/fr\/wp-json\/wp\/v2\/product\/4703\/revisions"}],"predecessor-version":[{"id":5365,"href":"https:\/\/galerietraditions.com\/fr\/wp-json\/wp\/v2\/product\/4703\/revisions\/5365"}],"wp:featuredmedia":[{"embeddable":true,"href":"https:\/\/galerietraditions.com\/fr\/wp-json\/wp\/v2\/media\/4894"}],"wp:attachment":[{"href":"https:\/\/galerietraditions.com\/fr\/wp-json\/wp\/v2\/media?parent=4703"}],"wp:term":[{"taxonomy":"product_brand","embeddable":true,"href":"https:\/\/galerietraditions.com\/fr\/wp-json\/wp\/v2\/product_brand?post=4703"},{"taxonomy":"product_cat","embeddable":true,"href":"https:\/\/galerietraditions.com\/fr\/wp-json\/wp\/v2\/product_cat?post=4703"},{"taxonomy":"product_tag","embeddable":true,"href":"https:\/\/galerietraditions.com\/fr\/wp-json\/wp\/v2\/product_tag?post=4703"}],"curies":[{"name":"wp","href":"https:\/\/api.w.org\/{rel}","templated":true}]}}