{"id":4721,"date":"2025-09-30T12:45:58","date_gmt":"2025-09-30T12:45:58","guid":{"rendered":"https:\/\/lightslategray-yak-893060.hostingersite.com\/?post_type=product&#038;p=4721"},"modified":"2025-11-01T18:57:23","modified_gmt":"2025-11-01T18:57:23","slug":"masque-senoufo-moyen-nord-de-la-cote-divoire","status":"publish","type":"product","link":"https:\/\/galerietraditions.com\/fr\/produit\/masque-senoufo-moyen-nord-de-la-cote-divoire\/","title":{"rendered":"Masque s\u00e9noufo moyen (Nord de la C\u00f4te d\u2019Ivoire)"},"content":{"rendered":"<p>Ce masque s\u00e9noufo de la r\u00e9gion de Korhogo en C\u00f4te d\u2019Ivoire porte le nom g\u00e9n\u00e9rique de Kpeliye. Il s\u2019agit d\u2019une repr\u00e9sentation d\u2019anc\u00eatre appartenant \u00e0 la soci\u00e9t\u00e9 secr\u00e8te lo. Il danse au cours de rites fun\u00e9raires, agraires et initiatiques. Ce masque a les canons esth\u00e9tiques s\u00e9noufo : le visage prognathe avec une bouche ovale montrant des dents, les yeux perc\u00e9s d\u2019une fente, des scarifications sur les joues et le front, deux paires de panneaux de chaque c\u00f4t\u00e9 du visage, ainsi que deux projections \u00e9manant du menton. Un calao sur la t\u00eate.<\/p>\n<p>Le calao est l\u2019oiseau primordial des s\u00e9noufos. Il est leur protecteur. On l\u2019appelle \u00ab S\u00e9g\u00e8n \u00bb. Son ventre bomb\u00e9 fait de lui un symbole de f\u00e9condit\u00e9 et de fertilit\u00e9, le symbole de celui qui sait beaucoup mais ne dit mot. Son bec long et pointu repr\u00e9sente celui qui parle peu. Il repr\u00e9sente et \u00e9voque la prosp\u00e9rit\u00e9. Il transporte les \u00e2mes des morts dans l\u2019autre monde et sert g\u00e9n\u00e9ralement dans les rites initiatiques du poro. Son dos large signifie qu\u2019il endure beaucoup pour prot\u00e9ger sa post\u00e9rit\u00e9. C\u2019est l\u2019expression de celui qui ne parle que pour s\u2019engager et cet engagement est symbole de d\u00e9termination.<\/p>","protected":false},"excerpt":{"rendered":"<p>Ce masque s\u00e9noufo de la r\u00e9gion de Korhogo en C\u00f4te d\u2019Ivoire porte le nom g\u00e9n\u00e9rique de Kpeliye. Il s\u2019agit d\u2019une repr\u00e9sentation d\u2019anc\u00eatre appartenant \u00e0 la soci\u00e9t\u00e9 secr\u00e8te lo. Il danse au cours de rites fun\u00e9raires, agraires et initiatiques. Ce masque a les canons esth\u00e9tiques s\u00e9noufo : le visage prognathe avec une bouche ovale montrant des dents, les yeux perc\u00e9s d\u2019une fente, des scarifications sur les joues et le front, deux paires de panneaux de chaque c\u00f4t\u00e9 du visage, ainsi que deux projections \u00e9manant du menton. Un calao sur la t\u00eate.<\/p>","protected":false},"featured_media":4868,"comment_status":"closed","ping_status":"closed","template":"","meta":[],"product_brand":[],"product_cat":[103],"product_tag":[66,44,68,67],"class_list":{"0":"post-4721","1":"product","2":"type-product","3":"status-publish","4":"has-post-thumbnail","6":"product_cat-masques","7":"product_tag-embroidery","8":"product_tag-kitchen","9":"product_tag-ornament","10":"product_tag-tools","11":"product_shipping_class-fragile","13":"first","14":"instock","15":"shipping-taxable","16":"purchasable","17":"product-type-simple"},"_links":{"self":[{"href":"https:\/\/galerietraditions.com\/fr\/wp-json\/wp\/v2\/product\/4721","targetHints":{"allow":["GET"]}}],"collection":[{"href":"https:\/\/galerietraditions.com\/fr\/wp-json\/wp\/v2\/product"}],"about":[{"href":"https:\/\/galerietraditions.com\/fr\/wp-json\/wp\/v2\/types\/product"}],"replies":[{"embeddable":true,"href":"https:\/\/galerietraditions.com\/fr\/wp-json\/wp\/v2\/comments?post=4721"}],"version-history":[{"count":2,"href":"https:\/\/galerietraditions.com\/fr\/wp-json\/wp\/v2\/product\/4721\/revisions"}],"predecessor-version":[{"id":5366,"href":"https:\/\/galerietraditions.com\/fr\/wp-json\/wp\/v2\/product\/4721\/revisions\/5366"}],"wp:featuredmedia":[{"embeddable":true,"href":"https:\/\/galerietraditions.com\/fr\/wp-json\/wp\/v2\/media\/4868"}],"wp:attachment":[{"href":"https:\/\/galerietraditions.com\/fr\/wp-json\/wp\/v2\/media?parent=4721"}],"wp:term":[{"taxonomy":"product_brand","embeddable":true,"href":"https:\/\/galerietraditions.com\/fr\/wp-json\/wp\/v2\/product_brand?post=4721"},{"taxonomy":"product_cat","embeddable":true,"href":"https:\/\/galerietraditions.com\/fr\/wp-json\/wp\/v2\/product_cat?post=4721"},{"taxonomy":"product_tag","embeddable":true,"href":"https:\/\/galerietraditions.com\/fr\/wp-json\/wp\/v2\/product_tag?post=4721"}],"curies":[{"name":"wp","href":"https:\/\/api.w.org\/{rel}","templated":true}]}}