{"id":4739,"date":"2025-09-30T12:46:42","date_gmt":"2025-09-30T12:46:42","guid":{"rendered":"https:\/\/lightslategray-yak-893060.hostingersite.com\/?post_type=product&#038;p=4739"},"modified":"2025-11-01T18:58:00","modified_gmt":"2025-11-01T18:58:00","slug":"masque-dan-bugle","status":"publish","type":"product","link":"https:\/\/galerietraditions.com\/fr\/produit\/masque-dan-bugle\/","title":{"rendered":"Masque dan Bugl\u00e9"},"content":{"rendered":"<p>Les Krans sont un sous-groupe des Dans. Ils vivent au Lib\u00e9ria.<\/p>\n<p>Ce masque appel\u00e9 Kagle repr\u00e9senterait un chimpanz\u00e9 dont la force et la malignit\u00e9 sont des atouts pour la guerre ou le contr\u00f4le social. Masque utilis\u00e9 lors de danses avec des mouvements agressifs, symbole de force de la nature et de fauteurs de troubles. Ce masque aux formes exag\u00e9r\u00e9es et grotesques a un front en forme de trompe, les yeux triangulaires, les joues aux pommettes saillantes et un nez triangulaire et la bouche en forme de trompe d\u2019\u00e9l\u00e9phant. Sur ce masque, une opposition entre la rigueur des volumes anguleux et la forme arrondie de la bouche et du front.<\/p>","protected":false},"excerpt":{"rendered":"<p>Les Krans sont un sous-groupe des Dans. Ils vivent au Lib\u00e9ria.<\/p>\n<p>Ce masque appel\u00e9 Kagle repr\u00e9senterait un chimpanz\u00e9 dont la force et la malignit\u00e9 sont des atouts pour la guerre ou le contr\u00f4le social. Masque utilis\u00e9 lors de danses avec des mouvements agressifs, symbole de force de la nature et de fauteurs de troubles. Ce masque aux formes exag\u00e9r\u00e9es et grotesques a un front en forme de trompe, les yeux triangulaires, les joues aux pommettes saillantes et un nez triangulaire et la bouche en forme de trompe d\u2019\u00e9l\u00e9phant. Sur ce masque, une opposition entre la rigueur des volumes anguleux et la forme arrondie de la bouche et du front.<\/p>","protected":false},"featured_media":4896,"comment_status":"closed","ping_status":"closed","template":"","meta":[],"product_brand":[],"product_cat":[103],"product_tag":[66,44,68,67],"class_list":{"0":"post-4739","1":"product","2":"type-product","3":"status-publish","4":"has-post-thumbnail","6":"product_cat-masques","7":"product_tag-embroidery","8":"product_tag-kitchen","9":"product_tag-ornament","10":"product_tag-tools","11":"product_shipping_class-fragile","13":"first","14":"instock","15":"shipping-taxable","16":"purchasable","17":"product-type-simple"},"_links":{"self":[{"href":"https:\/\/galerietraditions.com\/fr\/wp-json\/wp\/v2\/product\/4739","targetHints":{"allow":["GET"]}}],"collection":[{"href":"https:\/\/galerietraditions.com\/fr\/wp-json\/wp\/v2\/product"}],"about":[{"href":"https:\/\/galerietraditions.com\/fr\/wp-json\/wp\/v2\/types\/product"}],"replies":[{"embeddable":true,"href":"https:\/\/galerietraditions.com\/fr\/wp-json\/wp\/v2\/comments?post=4739"}],"version-history":[{"count":2,"href":"https:\/\/galerietraditions.com\/fr\/wp-json\/wp\/v2\/product\/4739\/revisions"}],"predecessor-version":[{"id":5367,"href":"https:\/\/galerietraditions.com\/fr\/wp-json\/wp\/v2\/product\/4739\/revisions\/5367"}],"wp:featuredmedia":[{"embeddable":true,"href":"https:\/\/galerietraditions.com\/fr\/wp-json\/wp\/v2\/media\/4896"}],"wp:attachment":[{"href":"https:\/\/galerietraditions.com\/fr\/wp-json\/wp\/v2\/media?parent=4739"}],"wp:term":[{"taxonomy":"product_brand","embeddable":true,"href":"https:\/\/galerietraditions.com\/fr\/wp-json\/wp\/v2\/product_brand?post=4739"},{"taxonomy":"product_cat","embeddable":true,"href":"https:\/\/galerietraditions.com\/fr\/wp-json\/wp\/v2\/product_cat?post=4739"},{"taxonomy":"product_tag","embeddable":true,"href":"https:\/\/galerietraditions.com\/fr\/wp-json\/wp\/v2\/product_tag?post=4739"}],"curies":[{"name":"wp","href":"https:\/\/api.w.org\/{rel}","templated":true}]}}