{"id":4757,"date":"2025-09-30T12:56:10","date_gmt":"2025-09-30T12:56:10","guid":{"rendered":"https:\/\/lightslategray-yak-893060.hostingersite.com\/?post_type=product&#038;p=4757"},"modified":"2025-11-01T18:58:31","modified_gmt":"2025-11-01T18:58:31","slug":"canne-pour-chef-akan","status":"publish","type":"product","link":"https:\/\/galerietraditions.com\/fr\/produit\/canne-pour-chef-akan\/","title":{"rendered":"Canne pour Chef (akan)"},"content":{"rendered":"<p>Les cannes ou b\u00e2tons sont, chez les baoul\u00e9s, des symboles d\u2019autorit\u00e9 royale associ\u00e9es aux dirigeants. Ce b\u00e2ton de commandement porte en son sommet une figure f\u00e9minine \u00e9l\u00e9gamment sculpt\u00e9e. Le manche du b\u00e2ton est orn\u00e9 de motifs divers. Cette canne est utilis\u00e9e au cours des c\u00e9r\u00e9monies et parfois au cours des danses.<\/p>","protected":false},"excerpt":{"rendered":"<p>Les cannes ou b\u00e2tons sont, chez les baoul\u00e9s, des symboles d\u2019autorit\u00e9 royale associ\u00e9es aux dirigeants. Ce b\u00e2ton de commandement porte en son sommet une figure f\u00e9minine \u00e9l\u00e9gamment sculpt\u00e9e. Le manche du b\u00e2ton est orn\u00e9 de motifs divers. Cette canne est utilis\u00e9e au cours des c\u00e9r\u00e9monies et parfois au cours des danses.<\/p>","protected":false},"featured_media":4884,"comment_status":"closed","ping_status":"closed","template":"","meta":[],"product_brand":[],"product_cat":[104],"product_tag":[66,44,68,67],"class_list":{"0":"post-4757","1":"product","2":"type-product","3":"status-publish","4":"has-post-thumbnail","6":"product_cat-canne-sceptre","7":"product_tag-embroidery","8":"product_tag-kitchen","9":"product_tag-ornament","10":"product_tag-tools","11":"product_shipping_class-fragile","13":"first","14":"instock","15":"shipping-taxable","16":"purchasable","17":"product-type-simple"},"_links":{"self":[{"href":"https:\/\/galerietraditions.com\/fr\/wp-json\/wp\/v2\/product\/4757","targetHints":{"allow":["GET"]}}],"collection":[{"href":"https:\/\/galerietraditions.com\/fr\/wp-json\/wp\/v2\/product"}],"about":[{"href":"https:\/\/galerietraditions.com\/fr\/wp-json\/wp\/v2\/types\/product"}],"replies":[{"embeddable":true,"href":"https:\/\/galerietraditions.com\/fr\/wp-json\/wp\/v2\/comments?post=4757"}],"version-history":[{"count":2,"href":"https:\/\/galerietraditions.com\/fr\/wp-json\/wp\/v2\/product\/4757\/revisions"}],"predecessor-version":[{"id":5368,"href":"https:\/\/galerietraditions.com\/fr\/wp-json\/wp\/v2\/product\/4757\/revisions\/5368"}],"wp:featuredmedia":[{"embeddable":true,"href":"https:\/\/galerietraditions.com\/fr\/wp-json\/wp\/v2\/media\/4884"}],"wp:attachment":[{"href":"https:\/\/galerietraditions.com\/fr\/wp-json\/wp\/v2\/media?parent=4757"}],"wp:term":[{"taxonomy":"product_brand","embeddable":true,"href":"https:\/\/galerietraditions.com\/fr\/wp-json\/wp\/v2\/product_brand?post=4757"},{"taxonomy":"product_cat","embeddable":true,"href":"https:\/\/galerietraditions.com\/fr\/wp-json\/wp\/v2\/product_cat?post=4757"},{"taxonomy":"product_tag","embeddable":true,"href":"https:\/\/galerietraditions.com\/fr\/wp-json\/wp\/v2\/product_tag?post=4757"}],"curies":[{"name":"wp","href":"https:\/\/api.w.org\/{rel}","templated":true}]}}