{"id":4775,"date":"2025-09-30T12:58:18","date_gmt":"2025-09-30T12:58:18","guid":{"rendered":"https:\/\/lightslategray-yak-893060.hostingersite.com\/?post_type=product&#038;p=4775"},"modified":"2025-11-01T18:59:13","modified_gmt":"2025-11-01T18:59:13","slug":"statue-femme-senoufo-nord-de-la-cote-divoire","status":"publish","type":"product","link":"https:\/\/galerietraditions.com\/fr\/produit\/statue-femme-senoufo-nord-de-la-cote-divoire\/","title":{"rendered":"Statue femme (s\u00e9noufo Nord de la C\u00f4te d\u2019Ivoire)"},"content":{"rendered":"<p>Cette statue repr\u00e9sente une femme au port altier. Assise sur un tabouret, les jambes fl\u00e9chies, elle tient dans ses mains un objet. La t\u00eate pr\u00e9sente la forme typique de la statuaire du Mali, en \u00ab cloche \u00bb au sommet d\u2019un long cou. Au visage aux traits g\u00e9om\u00e9triques s\u2019oppose la face allong\u00e9e domin\u00e9e par un nez termin\u00e9 en pointe de fl\u00e8che, les yeux rapproch\u00e9s en amande, \u00e0 la profondeur de la t\u00eate, soulign\u00e9e par des lignes convergentes du menton et de la coiffe. Une coiffe, \u00e0 cr\u00e8te sagittale formant une tresse qui retombe au niveau du cou, est orn\u00e9 d\u2019un collier compos\u00e9 d\u2019amulettes sculpt\u00e9es. Les biceps et les poignets sont orn\u00e9s de bracelets sculpt\u00e9s en relief. Ce masque en bois de fer dense et dure est en patine noire.<\/p>","protected":false},"excerpt":{"rendered":"<p>Cette statue repr\u00e9sente une femme au port altier. Assise sur un tabouret, les jambes fl\u00e9chies, elle tient dans ses mains un objet. La t\u00eate pr\u00e9sente la forme typique de la statuaire du Mali, en \u00ab cloche \u00bb au sommet d\u2019un long cou. Au visage aux traits g\u00e9om\u00e9triques s\u2019oppose la face allong\u00e9e domin\u00e9e par un nez termin\u00e9 en pointe de fl\u00e8che, les yeux rapproch\u00e9s en amande, \u00e0 la profondeur de la t\u00eate, soulign\u00e9e par des lignes convergentes du menton et de la coiffe. Une coiffe, \u00e0 cr\u00e8te sagittale formant une tresse qui retombe au niveau du cou, est orn\u00e9 d\u2019un collier compos\u00e9 d\u2019amulettes sculpt\u00e9es. Les biceps et les poignets sont orn\u00e9s de bracelets sculpt\u00e9s en relief. Ce masque en bois de fer dense et dure est en patine noire.<\/p>","protected":false},"featured_media":4874,"comment_status":"closed","ping_status":"closed","template":"","meta":[],"product_brand":[],"product_cat":[103],"product_tag":[66,44,68,67],"class_list":{"0":"post-4775","1":"product","2":"type-product","3":"status-publish","4":"has-post-thumbnail","6":"product_cat-masques","7":"product_tag-embroidery","8":"product_tag-kitchen","9":"product_tag-ornament","10":"product_tag-tools","11":"product_shipping_class-fragile","13":"first","14":"instock","15":"shipping-taxable","16":"purchasable","17":"product-type-simple"},"_links":{"self":[{"href":"https:\/\/galerietraditions.com\/fr\/wp-json\/wp\/v2\/product\/4775","targetHints":{"allow":["GET"]}}],"collection":[{"href":"https:\/\/galerietraditions.com\/fr\/wp-json\/wp\/v2\/product"}],"about":[{"href":"https:\/\/galerietraditions.com\/fr\/wp-json\/wp\/v2\/types\/product"}],"replies":[{"embeddable":true,"href":"https:\/\/galerietraditions.com\/fr\/wp-json\/wp\/v2\/comments?post=4775"}],"version-history":[{"count":2,"href":"https:\/\/galerietraditions.com\/fr\/wp-json\/wp\/v2\/product\/4775\/revisions"}],"predecessor-version":[{"id":5369,"href":"https:\/\/galerietraditions.com\/fr\/wp-json\/wp\/v2\/product\/4775\/revisions\/5369"}],"wp:featuredmedia":[{"embeddable":true,"href":"https:\/\/galerietraditions.com\/fr\/wp-json\/wp\/v2\/media\/4874"}],"wp:attachment":[{"href":"https:\/\/galerietraditions.com\/fr\/wp-json\/wp\/v2\/media?parent=4775"}],"wp:term":[{"taxonomy":"product_brand","embeddable":true,"href":"https:\/\/galerietraditions.com\/fr\/wp-json\/wp\/v2\/product_brand?post=4775"},{"taxonomy":"product_cat","embeddable":true,"href":"https:\/\/galerietraditions.com\/fr\/wp-json\/wp\/v2\/product_cat?post=4775"},{"taxonomy":"product_tag","embeddable":true,"href":"https:\/\/galerietraditions.com\/fr\/wp-json\/wp\/v2\/product_tag?post=4775"}],"curies":[{"name":"wp","href":"https:\/\/api.w.org\/{rel}","templated":true}]}}