{"id":4793,"date":"2025-09-30T12:59:18","date_gmt":"2025-09-30T12:59:18","guid":{"rendered":"https:\/\/lightslategray-yak-893060.hostingersite.com\/?post_type=product&#038;p=4793"},"modified":"2025-11-01T18:59:50","modified_gmt":"2025-11-01T18:59:50","slug":"statuette-debele-korhogo","status":"publish","type":"product","link":"https:\/\/galerietraditions.com\/fr\/produit\/statuette-debele-korhogo\/","title":{"rendered":"Statuette d\u00e9b\u00e9l\u00e9 Korhogo"},"content":{"rendered":"<p>Statue figurative Debele s\u00e9noufo, parfois nomm\u00e9e \u00ab enfant du \u00ab Poro\u00bb ou \u00ab esprit de la brousse \u00bb. Elle intervient par paires au cours des processions de fun\u00e9railles ou lors des c\u00e9r\u00e9monies marquant la fin des rites d\u2019initiation. Les initi\u00e9s de la soci\u00e9t\u00e9 du Poro qui formait les gar\u00e7ons \u00e0 partir de 7ans, les portaient et martelaient le sol avec rythme au son des tambours en ouvrant et fermant la marche. Conserv\u00e9s dans un enclos \u00ab s\u00e9zing \u00bb , elles \u00e9taient cens\u00e9es prot\u00e9ger ces jeunes initi\u00e9s. Cette statue a une forme \u00e9lanc\u00e9e avec une cambrure accentu\u00e9e. Un visage oblong. Ses fines jambes s\u2019enfoncent dans une base formant un pilon appel\u00e9 \u00ab sedine \u00bb ou \u00ab dol \u00bb. Elle est r\u00e9alis\u00e9e dans un bois imputrescible.<\/p>","protected":false},"excerpt":{"rendered":"<p>Statue figurative Debele s\u00e9noufo, parfois nomm\u00e9e \u00ab enfant du \u00ab Poro\u00bb ou \u00ab esprit de la brousse \u00bb. Elle intervient par paires au cours des processions de fun\u00e9railles ou lors des c\u00e9r\u00e9monies marquant la fin des rites d\u2019initiation. Les initi\u00e9s de la soci\u00e9t\u00e9 du Poro qui formait les gar\u00e7ons \u00e0 partir de 7ans, les portaient et martelaient le sol avec rythme au son des tambours en ouvrant et fermant la marche. Conserv\u00e9s dans un enclos \u00ab s\u00e9zing \u00bb , elles \u00e9taient cens\u00e9es prot\u00e9ger ces jeunes initi\u00e9s. Cette statue a une forme \u00e9lanc\u00e9e avec une cambrure accentu\u00e9e. Un visage oblong. Ses fines jambes s\u2019enfoncent dans une base formant un pilon appel\u00e9 \u00ab sedine \u00bb ou \u00ab dol \u00bb. Elle est r\u00e9alis\u00e9e dans un bois imputrescible.<\/p>","protected":false},"featured_media":4879,"comment_status":"closed","ping_status":"closed","template":"","meta":[],"product_brand":[],"product_cat":[103],"product_tag":[109],"class_list":{"0":"post-4793","1":"product","2":"type-product","3":"status-publish","4":"has-post-thumbnail","6":"product_cat-masques","7":"product_tag-masques","8":"product_shipping_class-fragile","10":"first","11":"instock","12":"shipping-taxable","13":"purchasable","14":"product-type-simple"},"_links":{"self":[{"href":"https:\/\/galerietraditions.com\/fr\/wp-json\/wp\/v2\/product\/4793","targetHints":{"allow":["GET"]}}],"collection":[{"href":"https:\/\/galerietraditions.com\/fr\/wp-json\/wp\/v2\/product"}],"about":[{"href":"https:\/\/galerietraditions.com\/fr\/wp-json\/wp\/v2\/types\/product"}],"replies":[{"embeddable":true,"href":"https:\/\/galerietraditions.com\/fr\/wp-json\/wp\/v2\/comments?post=4793"}],"version-history":[{"count":2,"href":"https:\/\/galerietraditions.com\/fr\/wp-json\/wp\/v2\/product\/4793\/revisions"}],"predecessor-version":[{"id":5370,"href":"https:\/\/galerietraditions.com\/fr\/wp-json\/wp\/v2\/product\/4793\/revisions\/5370"}],"wp:featuredmedia":[{"embeddable":true,"href":"https:\/\/galerietraditions.com\/fr\/wp-json\/wp\/v2\/media\/4879"}],"wp:attachment":[{"href":"https:\/\/galerietraditions.com\/fr\/wp-json\/wp\/v2\/media?parent=4793"}],"wp:term":[{"taxonomy":"product_brand","embeddable":true,"href":"https:\/\/galerietraditions.com\/fr\/wp-json\/wp\/v2\/product_brand?post=4793"},{"taxonomy":"product_cat","embeddable":true,"href":"https:\/\/galerietraditions.com\/fr\/wp-json\/wp\/v2\/product_cat?post=4793"},{"taxonomy":"product_tag","embeddable":true,"href":"https:\/\/galerietraditions.com\/fr\/wp-json\/wp\/v2\/product_tag?post=4793"}],"curies":[{"name":"wp","href":"https:\/\/api.w.org\/{rel}","templated":true}]}}