{"id":4811,"date":"2025-09-30T13:12:01","date_gmt":"2025-09-30T13:12:01","guid":{"rendered":"https:\/\/lightslategray-yak-893060.hostingersite.com\/?post_type=product&#038;p=4811"},"modified":"2025-11-01T19:00:32","modified_gmt":"2025-11-01T19:00:32","slug":"statue-homme-sage-baoule-centre-de-la-ci","status":"publish","type":"product","link":"https:\/\/galerietraditions.com\/fr\/produit\/statue-homme-sage-baoule-centre-de-la-ci\/","title":{"rendered":"Statue homme sage (baoul\u00e9, Centre de la CI)"},"content":{"rendered":"<p>Grande statue \u00ab Waka Sona \u00bb figurant un homme debout sur un socle, les mollets au galbe harmonieux, le fessier rebondi, les mains digit\u00e9es pos\u00e9e de part et d\u2019autre du nombril, le visage d\u2019une intense s\u00e9r\u00e9nit\u00e9 aux traits fins. La barbe et la coiffure sont finement ex\u00e9cut\u00e9es.<\/p>\n<p>Par le classicisme de ses formes, la grande beaut\u00e9 du personnage repr\u00e9sent\u00e9, l\u2019esth\u00e9tisme et l\u2019\u00e9l\u00e9gance qui se d\u00e9gagent de l\u2019ensemble, cette statue est \u00e0 l\u2019image de l\u2019id\u00e9al beaut\u00e9 des baoul\u00e9. Le soin apport\u00e9 \u00e0 cette stature indique le rang social de l\u2019homme repr\u00e9sent\u00e9, les nombreuses scarifications et ch\u00e9lo\u00efdes qui recouvrent son corps indiquent son importance sur le plan traditionnel.<\/p>","protected":false},"excerpt":{"rendered":"<p>Grande statue \u00ab Waka Sona \u00bb figurant un homme debout sur un socle, les mollets au galbe harmonieux, le fessier rebondi, les mains digit\u00e9es pos\u00e9e de part et d\u2019autre du nombril, le visage d\u2019une intense s\u00e9r\u00e9nit\u00e9 aux traits fins. La barbe et la coiffure sont finement ex\u00e9cut\u00e9es.<\/p>","protected":false},"featured_media":4877,"comment_status":"closed","ping_status":"closed","template":"","meta":[],"product_brand":[],"product_cat":[103],"product_tag":[109],"class_list":{"0":"post-4811","1":"product","2":"type-product","3":"status-publish","4":"has-post-thumbnail","6":"product_cat-masques","7":"product_tag-masques","8":"product_shipping_class-fragile","10":"first","11":"instock","12":"shipping-taxable","13":"purchasable","14":"product-type-simple"},"_links":{"self":[{"href":"https:\/\/galerietraditions.com\/fr\/wp-json\/wp\/v2\/product\/4811","targetHints":{"allow":["GET"]}}],"collection":[{"href":"https:\/\/galerietraditions.com\/fr\/wp-json\/wp\/v2\/product"}],"about":[{"href":"https:\/\/galerietraditions.com\/fr\/wp-json\/wp\/v2\/types\/product"}],"replies":[{"embeddable":true,"href":"https:\/\/galerietraditions.com\/fr\/wp-json\/wp\/v2\/comments?post=4811"}],"version-history":[{"count":2,"href":"https:\/\/galerietraditions.com\/fr\/wp-json\/wp\/v2\/product\/4811\/revisions"}],"predecessor-version":[{"id":5371,"href":"https:\/\/galerietraditions.com\/fr\/wp-json\/wp\/v2\/product\/4811\/revisions\/5371"}],"wp:featuredmedia":[{"embeddable":true,"href":"https:\/\/galerietraditions.com\/fr\/wp-json\/wp\/v2\/media\/4877"}],"wp:attachment":[{"href":"https:\/\/galerietraditions.com\/fr\/wp-json\/wp\/v2\/media?parent=4811"}],"wp:term":[{"taxonomy":"product_brand","embeddable":true,"href":"https:\/\/galerietraditions.com\/fr\/wp-json\/wp\/v2\/product_brand?post=4811"},{"taxonomy":"product_cat","embeddable":true,"href":"https:\/\/galerietraditions.com\/fr\/wp-json\/wp\/v2\/product_cat?post=4811"},{"taxonomy":"product_tag","embeddable":true,"href":"https:\/\/galerietraditions.com\/fr\/wp-json\/wp\/v2\/product_tag?post=4811"}],"curies":[{"name":"wp","href":"https:\/\/api.w.org\/{rel}","templated":true}]}}