{"id":4815,"date":"2025-09-30T13:15:58","date_gmt":"2025-09-30T13:15:58","guid":{"rendered":"https:\/\/lightslategray-yak-893060.hostingersite.com\/?post_type=product&#038;p=4815"},"modified":"2025-11-01T19:01:48","modified_gmt":"2025-11-01T19:01:48","slug":"statue-femme-a-genoux-guere-ouest-de-la-ci","status":"publish","type":"product","link":"https:\/\/galerietraditions.com\/fr\/produit\/statue-femme-a-genoux-guere-ouest-de-la-ci\/","title":{"rendered":"Statue femme \u00e0 genoux (gu\u00e9r\u00e9) Ouest de la CI)"},"content":{"rendered":"<p>Statuette colon baoul\u00e9 en bois peint repr\u00e9sentant un personnage assis sur un tabouret, le visage aux traits typiques, les mains sur les genoux. LA statuette colon est une sculpture qui a \u00e9t\u00e9 introduite au sein de l\u2019art africain pendant la p\u00e9riode coloniale. Ces sculptures repr\u00e9sentent des fonctionnaires coloniaux europ\u00e9ens. Ils se caract\u00e9risent par des motifs d\u00e9coratifs r\u00e9currents, tels que des casques de moelle, des costumes ou des uniformes, et ils sont peints dans des couleurs vives et brillantes.<\/p>","protected":false},"excerpt":{"rendered":"<p>Statuette colon baoul\u00e9 en bois peint repr\u00e9sentant un personnage assis sur un tabouret, le visage aux traits typiques, les mains sur les genoux. LA statuette colon est une sculpture qui a \u00e9t\u00e9 introduite au sein de l\u2019art africain pendant la p\u00e9riode coloniale. Ces sculptures repr\u00e9sentent des fonctionnaires coloniaux europ\u00e9ens. Ils se caract\u00e9risent par des motifs d\u00e9coratifs r\u00e9currents, tels que des casques de moelle, des costumes ou des uniformes, et ils sont peints dans des couleurs vives et brillantes.<\/p>","protected":false},"featured_media":4875,"comment_status":"closed","ping_status":"closed","template":"","meta":[],"product_brand":[],"product_cat":[103],"product_tag":[109],"class_list":{"0":"post-4815","1":"product","2":"type-product","3":"status-publish","4":"has-post-thumbnail","6":"product_cat-masques","7":"product_tag-masques","8":"product_shipping_class-fragile","10":"first","11":"instock","12":"shipping-taxable","13":"purchasable","14":"product-type-simple"},"_links":{"self":[{"href":"https:\/\/galerietraditions.com\/fr\/wp-json\/wp\/v2\/product\/4815","targetHints":{"allow":["GET"]}}],"collection":[{"href":"https:\/\/galerietraditions.com\/fr\/wp-json\/wp\/v2\/product"}],"about":[{"href":"https:\/\/galerietraditions.com\/fr\/wp-json\/wp\/v2\/types\/product"}],"replies":[{"embeddable":true,"href":"https:\/\/galerietraditions.com\/fr\/wp-json\/wp\/v2\/comments?post=4815"}],"version-history":[{"count":2,"href":"https:\/\/galerietraditions.com\/fr\/wp-json\/wp\/v2\/product\/4815\/revisions"}],"predecessor-version":[{"id":5373,"href":"https:\/\/galerietraditions.com\/fr\/wp-json\/wp\/v2\/product\/4815\/revisions\/5373"}],"wp:featuredmedia":[{"embeddable":true,"href":"https:\/\/galerietraditions.com\/fr\/wp-json\/wp\/v2\/media\/4875"}],"wp:attachment":[{"href":"https:\/\/galerietraditions.com\/fr\/wp-json\/wp\/v2\/media?parent=4815"}],"wp:term":[{"taxonomy":"product_brand","embeddable":true,"href":"https:\/\/galerietraditions.com\/fr\/wp-json\/wp\/v2\/product_brand?post=4815"},{"taxonomy":"product_cat","embeddable":true,"href":"https:\/\/galerietraditions.com\/fr\/wp-json\/wp\/v2\/product_cat?post=4815"},{"taxonomy":"product_tag","embeddable":true,"href":"https:\/\/galerietraditions.com\/fr\/wp-json\/wp\/v2\/product_tag?post=4815"}],"curies":[{"name":"wp","href":"https:\/\/api.w.org\/{rel}","templated":true}]}}