{"id":4817,"date":"2025-09-30T13:42:04","date_gmt":"2025-09-30T13:42:04","guid":{"rendered":"https:\/\/lightslategray-yak-893060.hostingersite.com\/?post_type=product&#038;p=4817"},"modified":"2025-11-01T19:02:34","modified_gmt":"2025-11-01T19:02:34","slug":"statue-femme-avec-canari-et-bebe-au-dos-akan","status":"publish","type":"product","link":"https:\/\/galerietraditions.com\/fr\/produit\/statue-femme-avec-canari-et-bebe-au-dos-akan\/","title":{"rendered":"Statue femme avec canari et b\u00e9b\u00e9 au dos (akan)"},"content":{"rendered":"<p>Sculpture repr\u00e9sentant une cr\u00e9ature tut\u00e9laire \u00e0 deux t\u00eates homme et femme.<\/p>","protected":false},"excerpt":{"rendered":"<p>Sculpture repr\u00e9sentant une cr\u00e9ature tut\u00e9laire \u00e0 deux t\u00eates homme et femme.<\/p>","protected":false},"featured_media":4876,"comment_status":"closed","ping_status":"closed","template":"","meta":[],"product_brand":[],"product_cat":[103],"product_tag":[109],"class_list":{"0":"post-4817","1":"product","2":"type-product","3":"status-publish","4":"has-post-thumbnail","6":"product_cat-masques","7":"product_tag-masques","8":"product_shipping_class-fragile","10":"first","11":"instock","12":"shipping-taxable","13":"purchasable","14":"product-type-simple"},"_links":{"self":[{"href":"https:\/\/galerietraditions.com\/fr\/wp-json\/wp\/v2\/product\/4817","targetHints":{"allow":["GET"]}}],"collection":[{"href":"https:\/\/galerietraditions.com\/fr\/wp-json\/wp\/v2\/product"}],"about":[{"href":"https:\/\/galerietraditions.com\/fr\/wp-json\/wp\/v2\/types\/product"}],"replies":[{"embeddable":true,"href":"https:\/\/galerietraditions.com\/fr\/wp-json\/wp\/v2\/comments?post=4817"}],"version-history":[{"count":2,"href":"https:\/\/galerietraditions.com\/fr\/wp-json\/wp\/v2\/product\/4817\/revisions"}],"predecessor-version":[{"id":5374,"href":"https:\/\/galerietraditions.com\/fr\/wp-json\/wp\/v2\/product\/4817\/revisions\/5374"}],"wp:featuredmedia":[{"embeddable":true,"href":"https:\/\/galerietraditions.com\/fr\/wp-json\/wp\/v2\/media\/4876"}],"wp:attachment":[{"href":"https:\/\/galerietraditions.com\/fr\/wp-json\/wp\/v2\/media?parent=4817"}],"wp:term":[{"taxonomy":"product_brand","embeddable":true,"href":"https:\/\/galerietraditions.com\/fr\/wp-json\/wp\/v2\/product_brand?post=4817"},{"taxonomy":"product_cat","embeddable":true,"href":"https:\/\/galerietraditions.com\/fr\/wp-json\/wp\/v2\/product_cat?post=4817"},{"taxonomy":"product_tag","embeddable":true,"href":"https:\/\/galerietraditions.com\/fr\/wp-json\/wp\/v2\/product_tag?post=4817"}],"curies":[{"name":"wp","href":"https:\/\/api.w.org\/{rel}","templated":true}]}}