{"id":4820,"date":"2025-09-30T13:56:24","date_gmt":"2025-09-30T13:56:24","guid":{"rendered":"https:\/\/lightslategray-yak-893060.hostingersite.com\/?post_type=product&#038;p=4820"},"modified":"2025-11-01T19:03:09","modified_gmt":"2025-11-01T19:03:09","slug":"statuette-femme-baoule","status":"publish","type":"product","link":"https:\/\/galerietraditions.com\/fr\/produit\/statuette-femme-baoule\/","title":{"rendered":"Statuette femme baoul\u00e9"},"content":{"rendered":"<p>Sculpture en bois noirci \u00e0 d\u00e9cor d&#8217;une femme nue portant des perles \u00e0 la hanche \u00e0 titre d\u2019ornement. \u2018\u2019Afflema\u2019\u2019 en Akan ou \u2018\u2019Baya\u2019\u2019 en malink\u00e9, cette parure a plusieurs objectifs : la s\u00e9duction, la protection et la sant\u00e9.<\/p>","protected":false},"excerpt":{"rendered":"<p>Sculpture en bois noirci \u00e0 d\u00e9cor d&#8217;une femme nue portant des perles \u00e0 la hanche \u00e0 titre d\u2019ornement. \u2018\u2019Afflema\u2019\u2019 en Akan ou \u2018\u2019Baya\u2019\u2019 en malink\u00e9, cette parure a plusieurs objectifs : la s\u00e9duction, la protection et la sant\u00e9.<\/p>","protected":false},"featured_media":4881,"comment_status":"closed","ping_status":"closed","template":"","meta":[],"product_brand":[],"product_cat":[103],"product_tag":[109],"class_list":{"0":"post-4820","1":"product","2":"type-product","3":"status-publish","4":"has-post-thumbnail","6":"product_cat-masques","7":"product_tag-masques","8":"product_shipping_class-fragile","10":"first","11":"instock","12":"shipping-taxable","13":"purchasable","14":"product-type-simple"},"_links":{"self":[{"href":"https:\/\/galerietraditions.com\/fr\/wp-json\/wp\/v2\/product\/4820","targetHints":{"allow":["GET"]}}],"collection":[{"href":"https:\/\/galerietraditions.com\/fr\/wp-json\/wp\/v2\/product"}],"about":[{"href":"https:\/\/galerietraditions.com\/fr\/wp-json\/wp\/v2\/types\/product"}],"replies":[{"embeddable":true,"href":"https:\/\/galerietraditions.com\/fr\/wp-json\/wp\/v2\/comments?post=4820"}],"version-history":[{"count":3,"href":"https:\/\/galerietraditions.com\/fr\/wp-json\/wp\/v2\/product\/4820\/revisions"}],"predecessor-version":[{"id":5376,"href":"https:\/\/galerietraditions.com\/fr\/wp-json\/wp\/v2\/product\/4820\/revisions\/5376"}],"wp:featuredmedia":[{"embeddable":true,"href":"https:\/\/galerietraditions.com\/fr\/wp-json\/wp\/v2\/media\/4881"}],"wp:attachment":[{"href":"https:\/\/galerietraditions.com\/fr\/wp-json\/wp\/v2\/media?parent=4820"}],"wp:term":[{"taxonomy":"product_brand","embeddable":true,"href":"https:\/\/galerietraditions.com\/fr\/wp-json\/wp\/v2\/product_brand?post=4820"},{"taxonomy":"product_cat","embeddable":true,"href":"https:\/\/galerietraditions.com\/fr\/wp-json\/wp\/v2\/product_cat?post=4820"},{"taxonomy":"product_tag","embeddable":true,"href":"https:\/\/galerietraditions.com\/fr\/wp-json\/wp\/v2\/product_tag?post=4820"}],"curies":[{"name":"wp","href":"https:\/\/api.w.org\/{rel}","templated":true}]}}