{"id":4822,"date":"2025-09-30T13:57:07","date_gmt":"2025-09-30T13:57:07","guid":{"rendered":"https:\/\/lightslategray-yak-893060.hostingersite.com\/?post_type=product&#038;p=4822"},"modified":"2025-11-01T19:04:04","modified_gmt":"2025-11-01T19:04:04","slug":"statuette-femme-baoule-2","status":"publish","type":"product","link":"https:\/\/galerietraditions.com\/fr\/produit\/statuette-femme-baoule-2\/","title":{"rendered":"Statuette femme baoul\u00e9"},"content":{"rendered":"<p>Sculpture en bois. Cette statue repr\u00e9sente les sc\u00e8nes de la vie sociale en Afrique.<\/p>","protected":false},"excerpt":{"rendered":"<p>Sculpture en bois. Cette statue repr\u00e9sente les sc\u00e8nes de la vie sociale en Afrique.<\/p>","protected":false},"featured_media":4880,"comment_status":"closed","ping_status":"closed","template":"","meta":[],"product_brand":[],"product_cat":[103],"product_tag":[109],"class_list":{"0":"post-4822","1":"product","2":"type-product","3":"status-publish","4":"has-post-thumbnail","6":"product_cat-masques","7":"product_tag-masques","8":"product_shipping_class-fragile","10":"first","11":"instock","12":"shipping-taxable","13":"purchasable","14":"product-type-simple"},"_links":{"self":[{"href":"https:\/\/galerietraditions.com\/fr\/wp-json\/wp\/v2\/product\/4822","targetHints":{"allow":["GET"]}}],"collection":[{"href":"https:\/\/galerietraditions.com\/fr\/wp-json\/wp\/v2\/product"}],"about":[{"href":"https:\/\/galerietraditions.com\/fr\/wp-json\/wp\/v2\/types\/product"}],"replies":[{"embeddable":true,"href":"https:\/\/galerietraditions.com\/fr\/wp-json\/wp\/v2\/comments?post=4822"}],"version-history":[{"count":2,"href":"https:\/\/galerietraditions.com\/fr\/wp-json\/wp\/v2\/product\/4822\/revisions"}],"predecessor-version":[{"id":5377,"href":"https:\/\/galerietraditions.com\/fr\/wp-json\/wp\/v2\/product\/4822\/revisions\/5377"}],"wp:featuredmedia":[{"embeddable":true,"href":"https:\/\/galerietraditions.com\/fr\/wp-json\/wp\/v2\/media\/4880"}],"wp:attachment":[{"href":"https:\/\/galerietraditions.com\/fr\/wp-json\/wp\/v2\/media?parent=4822"}],"wp:term":[{"taxonomy":"product_brand","embeddable":true,"href":"https:\/\/galerietraditions.com\/fr\/wp-json\/wp\/v2\/product_brand?post=4822"},{"taxonomy":"product_cat","embeddable":true,"href":"https:\/\/galerietraditions.com\/fr\/wp-json\/wp\/v2\/product_cat?post=4822"},{"taxonomy":"product_tag","embeddable":true,"href":"https:\/\/galerietraditions.com\/fr\/wp-json\/wp\/v2\/product_tag?post=4822"}],"curies":[{"name":"wp","href":"https:\/\/api.w.org\/{rel}","templated":true}]}}