{"id":4824,"date":"2025-09-30T14:03:04","date_gmt":"2025-09-30T14:03:04","guid":{"rendered":"https:\/\/lightslategray-yak-893060.hostingersite.com\/?post_type=product&#038;p=4824"},"modified":"2025-11-01T19:04:52","modified_gmt":"2025-11-01T19:04:52","slug":"statuette-homme-lobi","status":"publish","type":"product","link":"https:\/\/galerietraditions.com\/fr\/produit\/statuette-homme-lobi\/","title":{"rendered":"Statuette homme lobi"},"content":{"rendered":"<p>\u00c9pouse de l\u2019autre monde, ou \u00bb blolo bla \u00bb, cette statue f\u00e9minine debout est camp\u00e9e sur ses mollets puissants, avec une jeune poitrine encadr\u00e9e de mains raffin\u00e9es, une chute de reins galb\u00e9e. Sa t\u00eate est sculpt\u00e9e avec gr\u00e2ce, avec une coiffe en coque stri\u00e9e de fines m\u00e8ches. De tr\u00e8s belles scarifications \u00e9maillent le visage, le cou et le torse, lui conf\u00e9rant une grande noblesse.<\/p>","protected":false},"excerpt":{"rendered":"<p>\u00c9pouse de l\u2019autre monde, ou \u00bb blolo bla \u00bb, cette statue f\u00e9minine debout est camp\u00e9e sur ses mollets puissants, avec une jeune poitrine encadr\u00e9e de mains raffin\u00e9es, une chute de reins galb\u00e9e. Sa t\u00eate est sculpt\u00e9e avec gr\u00e2ce, avec une coiffe en coque stri\u00e9e de fines m\u00e8ches. De tr\u00e8s belles scarifications \u00e9maillent le visage, le cou et le torse, lui conf\u00e9rant une grande noblesse.<\/p>","protected":false},"featured_media":4882,"comment_status":"closed","ping_status":"closed","template":"","meta":[],"product_brand":[],"product_cat":[103],"product_tag":[109],"class_list":{"0":"post-4824","1":"product","2":"type-product","3":"status-publish","4":"has-post-thumbnail","6":"product_cat-masques","7":"product_tag-masques","8":"product_shipping_class-fragile","10":"first","11":"instock","12":"shipping-taxable","13":"purchasable","14":"product-type-simple"},"_links":{"self":[{"href":"https:\/\/galerietraditions.com\/fr\/wp-json\/wp\/v2\/product\/4824","targetHints":{"allow":["GET"]}}],"collection":[{"href":"https:\/\/galerietraditions.com\/fr\/wp-json\/wp\/v2\/product"}],"about":[{"href":"https:\/\/galerietraditions.com\/fr\/wp-json\/wp\/v2\/types\/product"}],"replies":[{"embeddable":true,"href":"https:\/\/galerietraditions.com\/fr\/wp-json\/wp\/v2\/comments?post=4824"}],"version-history":[{"count":3,"href":"https:\/\/galerietraditions.com\/fr\/wp-json\/wp\/v2\/product\/4824\/revisions"}],"predecessor-version":[{"id":5378,"href":"https:\/\/galerietraditions.com\/fr\/wp-json\/wp\/v2\/product\/4824\/revisions\/5378"}],"wp:featuredmedia":[{"embeddable":true,"href":"https:\/\/galerietraditions.com\/fr\/wp-json\/wp\/v2\/media\/4882"}],"wp:attachment":[{"href":"https:\/\/galerietraditions.com\/fr\/wp-json\/wp\/v2\/media?parent=4824"}],"wp:term":[{"taxonomy":"product_brand","embeddable":true,"href":"https:\/\/galerietraditions.com\/fr\/wp-json\/wp\/v2\/product_brand?post=4824"},{"taxonomy":"product_cat","embeddable":true,"href":"https:\/\/galerietraditions.com\/fr\/wp-json\/wp\/v2\/product_cat?post=4824"},{"taxonomy":"product_tag","embeddable":true,"href":"https:\/\/galerietraditions.com\/fr\/wp-json\/wp\/v2\/product_tag?post=4824"}],"curies":[{"name":"wp","href":"https:\/\/api.w.org\/{rel}","templated":true}]}}