{"id":4826,"date":"2025-09-30T14:04:59","date_gmt":"2025-09-30T14:04:59","guid":{"rendered":"https:\/\/lightslategray-yak-893060.hostingersite.com\/?post_type=product&#038;p=4826"},"modified":"2025-11-01T19:05:32","modified_gmt":"2025-11-01T19:05:32","slug":"peigne-poupee-ashanti-ghana-afrique-de-louest","status":"publish","type":"product","link":"https:\/\/galerietraditions.com\/fr\/produit\/peigne-poupee-ashanti-ghana-afrique-de-louest\/","title":{"rendered":"Peigne poup\u00e9e Ashanti (Ghana) Afrique de l\u2019Ouest"},"content":{"rendered":"<p>Statue baoul\u00e9 \u00ab Asie usu \u00bb sert de r\u00e9ceptacle aux esprits de la nature souhaitant entrer en contact avec le monde des Humains. Repr\u00e9sent\u00e9 par un homme assis, un dignitaire du village, ce personnage masculin soigneusement coiff\u00e9, \u00e0 la barbe tress\u00e9e affirme l\u2019opulence de son statut social. Les scarifications frontales typiques de cette l\u2019ethnie baoul\u00e9 sont pr\u00e9sentes. Statue en patine noire dont le bois est dense.<\/p>","protected":false},"excerpt":{"rendered":"<p>Statue baoul\u00e9 \u00ab Asie usu \u00bb sert de r\u00e9ceptacle aux esprits de la nature souhaitant entrer en contact avec le monde des Humains. Repr\u00e9sent\u00e9 par un homme assis, un dignitaire du village, ce personnage masculin soigneusement coiff\u00e9, \u00e0 la barbe tress\u00e9e affirme l\u2019opulence de son statut social. Les scarifications frontales typiques de cette l\u2019ethnie baoul\u00e9 sont pr\u00e9sentes. Statue en patine noire dont le bois est dense.<\/p>","protected":false},"featured_media":4873,"comment_status":"closed","ping_status":"closed","template":"","meta":[],"product_brand":[],"product_cat":[105,106],"product_tag":[109],"class_list":{"0":"post-4826","1":"product","2":"type-product","3":"status-publish","4":"has-post-thumbnail","6":"product_cat-masque","7":"product_cat-peigne","8":"product_tag-masques","9":"product_shipping_class-fragile","11":"first","12":"instock","13":"shipping-taxable","14":"purchasable","15":"product-type-simple"},"_links":{"self":[{"href":"https:\/\/galerietraditions.com\/fr\/wp-json\/wp\/v2\/product\/4826","targetHints":{"allow":["GET"]}}],"collection":[{"href":"https:\/\/galerietraditions.com\/fr\/wp-json\/wp\/v2\/product"}],"about":[{"href":"https:\/\/galerietraditions.com\/fr\/wp-json\/wp\/v2\/types\/product"}],"replies":[{"embeddable":true,"href":"https:\/\/galerietraditions.com\/fr\/wp-json\/wp\/v2\/comments?post=4826"}],"version-history":[{"count":3,"href":"https:\/\/galerietraditions.com\/fr\/wp-json\/wp\/v2\/product\/4826\/revisions"}],"predecessor-version":[{"id":5379,"href":"https:\/\/galerietraditions.com\/fr\/wp-json\/wp\/v2\/product\/4826\/revisions\/5379"}],"wp:featuredmedia":[{"embeddable":true,"href":"https:\/\/galerietraditions.com\/fr\/wp-json\/wp\/v2\/media\/4873"}],"wp:attachment":[{"href":"https:\/\/galerietraditions.com\/fr\/wp-json\/wp\/v2\/media?parent=4826"}],"wp:term":[{"taxonomy":"product_brand","embeddable":true,"href":"https:\/\/galerietraditions.com\/fr\/wp-json\/wp\/v2\/product_brand?post=4826"},{"taxonomy":"product_cat","embeddable":true,"href":"https:\/\/galerietraditions.com\/fr\/wp-json\/wp\/v2\/product_cat?post=4826"},{"taxonomy":"product_tag","embeddable":true,"href":"https:\/\/galerietraditions.com\/fr\/wp-json\/wp\/v2\/product_tag?post=4826"}],"curies":[{"name":"wp","href":"https:\/\/api.w.org\/{rel}","templated":true}]}}